{"id":121,"date":"2024-01-30T11:52:49","date_gmt":"2024-01-30T10:52:49","guid":{"rendered":"https:\/\/gmalinova.eleves.mediamatique.ch\/jetengine\/?page_id=121"},"modified":"2024-06-04T11:51:20","modified_gmt":"2024-06-04T09:51:20","slug":"accueil","status":"publish","type":"page","link":"https:\/\/gmalinova.eleves.mediamatique.ch\/jetengine\/","title":{"rendered":"Accueil"},"content":{"rendered":"\t\t<div data-elementor-type=\"wp-page\" data-elementor-id=\"121\" class=\"elementor elementor-121\" data-elementor-post-type=\"page\">\n\t\t\t\t<div class=\"elementor-element elementor-element-c14660c e-con-full e-flex e-con e-parent\" data-id=\"c14660c\" data-element_type=\"container\" data-settings=\"{&quot;content_width&quot;:&quot;full&quot;,&quot;background_background&quot;:&quot;video&quot;,&quot;background_video_link&quot;:&quot;https:\\\/\\\/gmalinova.eleves.mediamatique.ch\\\/jetengine\\\/wp-content\\\/uploads\\\/2024\\\/01\\\/1109931_Class_Knead_Dough_1920x1080.mp4&quot;,&quot;jet_parallax_layout_list&quot;:[],&quot;container_type&quot;:&quot;flex&quot;}\" data-core-v316-plus=\"true\">\n\t\t<div class=\"elementor-background-video-container elementor-hidden-phone\">\n\t\t\t\t\t\t\t<video class=\"elementor-background-video-hosted elementor-html5-video\" autoplay muted playsinline loop><\/video>\n\t\t\t\t\t<\/div>\t\t<div class=\"elementor-element elementor-element-50b624d elementor-nav-menu__align-center elementor-nav-menu--dropdown-tablet elementor-nav-menu__text-align-aside elementor-nav-menu--toggle elementor-nav-menu--burger elementor-widget elementor-widget-nav-menu\" data-id=\"50b624d\" data-element_type=\"widget\" data-settings=\"{&quot;layout&quot;:&quot;horizontal&quot;,&quot;submenu_icon&quot;:{&quot;value&quot;:&quot;&lt;svg class=\\&quot;e-font-icon-svg e-fas-caret-down\\&quot; viewBox=\\&quot;0 0 320 512\\&quot; xmlns=\\&quot;http:\\\/\\\/www.w3.org\\\/2000\\\/svg\\&quot;&gt;&lt;path d=\\&quot;M31.3 192h257.3c17.8 0 26.7 21.5 14.1 34.1L174.1 354.8c-7.8 7.8-20.5 7.8-28.3 0L17.2 226.1C4.6 213.5 13.5 192 31.3 192z\\&quot;&gt;&lt;\\\/path&gt;&lt;\\\/svg&gt;&quot;,&quot;library&quot;:&quot;fa-solid&quot;},&quot;toggle&quot;:&quot;burger&quot;}\" data-widget_type=\"nav-menu.default\">\n\t\t\t\t<div class=\"elementor-widget-container\">\n\t\t\t<link rel=\"stylesheet\" href=\"https:\/\/gmalinova.eleves.mediamatique.ch\/jetengine\/wp-content\/plugins\/elementor-pro\/assets\/css\/widget-nav-menu.min.css\">\t\t\t<nav class=\"elementor-nav-menu--main elementor-nav-menu__container elementor-nav-menu--layout-horizontal e--pointer-underline e--animation-fade\">\n\t\t\t\t<ul id=\"menu-1-50b624d\" class=\"elementor-nav-menu\"><li class=\"menu-item menu-item-type-post_type menu-item-object-page menu-item-home menu-item-163\"><a href=\"https:\/\/gmalinova.eleves.mediamatique.ch\/jetengine\/\" class=\"elementor-item\">Accueil<\/a><\/li>\n<li class=\"menu-item menu-item-type-post_type menu-item-object-page current_page_parent menu-item-274\"><a href=\"https:\/\/gmalinova.eleves.mediamatique.ch\/jetengine\/cuisine\/\" class=\"elementor-item\">Cuisine<\/a><\/li>\n<li class=\"menu-item menu-item-type-post_type menu-item-object-page menu-item-164\"><a href=\"https:\/\/gmalinova.eleves.mediamatique.ch\/jetengine\/asiatique\/\" class=\"elementor-item\">Asiatique<\/a><\/li>\n<li class=\"menu-item menu-item-type-post_type menu-item-object-page menu-item-165\"><a href=\"https:\/\/gmalinova.eleves.mediamatique.ch\/jetengine\/mexicaine\/\" class=\"elementor-item\">Mexicaine<\/a><\/li>\n<li class=\"menu-item menu-item-type-post_type menu-item-object-page menu-item-166\"><a href=\"https:\/\/gmalinova.eleves.mediamatique.ch\/jetengine\/italienne\/\" class=\"elementor-item\">Italienne<\/a><\/li>\n<\/ul>\t\t\t<\/nav>\n\t\t\t\t\t<div class=\"elementor-menu-toggle\" role=\"button\" tabindex=\"0\" aria-label=\"Permuter le menu\" aria-expanded=\"false\">\n\t\t\t<svg aria-hidden=\"true\" role=\"presentation\" class=\"elementor-menu-toggle__icon--open e-font-icon-svg e-eicon-menu-bar\" viewBox=\"0 0 1000 1000\" xmlns=\"http:\/\/www.w3.org\/2000\/svg\"><path d=\"M104 333H896C929 333 958 304 958 271S929 208 896 208H104C71 208 42 237 42 271S71 333 104 333ZM104 583H896C929 583 958 554 958 521S929 458 896 458H104C71 458 42 487 42 521S71 583 104 583ZM104 833H896C929 833 958 804 958 771S929 708 896 708H104C71 708 42 737 42 771S71 833 104 833Z\"><\/path><\/svg><svg aria-hidden=\"true\" role=\"presentation\" class=\"elementor-menu-toggle__icon--close e-font-icon-svg e-eicon-close\" viewBox=\"0 0 1000 1000\" xmlns=\"http:\/\/www.w3.org\/2000\/svg\"><path d=\"M742 167L500 408 258 167C246 154 233 150 217 150 196 150 179 158 167 167 154 179 150 196 150 212 150 229 154 242 171 254L408 500 167 742C138 771 138 800 167 829 196 858 225 858 254 829L496 587 738 829C750 842 767 846 783 846 800 846 817 842 829 829 842 817 846 804 846 783 846 767 842 750 829 737L588 500 833 258C863 229 863 200 833 171 804 137 775 137 742 167Z\"><\/path><\/svg>\t\t\t<span class=\"elementor-screen-only\">Menu<\/span>\n\t\t<\/div>\n\t\t\t\t\t<nav class=\"elementor-nav-menu--dropdown elementor-nav-menu__container\" aria-hidden=\"true\">\n\t\t\t\t<ul id=\"menu-2-50b624d\" class=\"elementor-nav-menu\"><li class=\"menu-item menu-item-type-post_type menu-item-object-page menu-item-home menu-item-163\"><a href=\"https:\/\/gmalinova.eleves.mediamatique.ch\/jetengine\/\" class=\"elementor-item\" tabindex=\"-1\">Accueil<\/a><\/li>\n<li class=\"menu-item menu-item-type-post_type menu-item-object-page current_page_parent menu-item-274\"><a href=\"https:\/\/gmalinova.eleves.mediamatique.ch\/jetengine\/cuisine\/\" class=\"elementor-item\" tabindex=\"-1\">Cuisine<\/a><\/li>\n<li class=\"menu-item menu-item-type-post_type menu-item-object-page menu-item-164\"><a href=\"https:\/\/gmalinova.eleves.mediamatique.ch\/jetengine\/asiatique\/\" class=\"elementor-item\" tabindex=\"-1\">Asiatique<\/a><\/li>\n<li class=\"menu-item menu-item-type-post_type menu-item-object-page menu-item-165\"><a href=\"https:\/\/gmalinova.eleves.mediamatique.ch\/jetengine\/mexicaine\/\" class=\"elementor-item\" tabindex=\"-1\">Mexicaine<\/a><\/li>\n<li class=\"menu-item menu-item-type-post_type menu-item-object-page menu-item-166\"><a href=\"https:\/\/gmalinova.eleves.mediamatique.ch\/jetengine\/italienne\/\" class=\"elementor-item\" tabindex=\"-1\">Italienne<\/a><\/li>\n<\/ul>\t\t\t<\/nav>\n\t\t\t\t<\/div>\n\t\t\t\t<\/div>\n\t\t\t\t<div class=\"elementor-element elementor-element-4de3122 elementor-widget elementor-widget-spacer\" data-id=\"4de3122\" data-element_type=\"widget\" data-widget_type=\"spacer.default\">\n\t\t\t\t<div class=\"elementor-widget-container\">\n\t\t\t<style>\/*! elementor - v3.19.0 - 05-02-2024 *\/\n.elementor-column .elementor-spacer-inner{height:var(--spacer-size)}.e-con{--container-widget-width:100%}.e-con-inner>.elementor-widget-spacer,.e-con>.elementor-widget-spacer{width:var(--container-widget-width,var(--spacer-size));--align-self:var(--container-widget-align-self,initial);--flex-shrink:0}.e-con-inner>.elementor-widget-spacer>.elementor-widget-container,.e-con>.elementor-widget-spacer>.elementor-widget-container{height:100%;width:100%}.e-con-inner>.elementor-widget-spacer>.elementor-widget-container>.elementor-spacer,.e-con>.elementor-widget-spacer>.elementor-widget-container>.elementor-spacer{height:100%}.e-con-inner>.elementor-widget-spacer>.elementor-widget-container>.elementor-spacer>.elementor-spacer-inner,.e-con>.elementor-widget-spacer>.elementor-widget-container>.elementor-spacer>.elementor-spacer-inner{height:var(--container-widget-height,var(--spacer-size))}.e-con-inner>.elementor-widget-spacer.elementor-widget-empty,.e-con>.elementor-widget-spacer.elementor-widget-empty{position:relative;min-height:22px;min-width:22px}.e-con-inner>.elementor-widget-spacer.elementor-widget-empty .elementor-widget-empty-icon,.e-con>.elementor-widget-spacer.elementor-widget-empty .elementor-widget-empty-icon{position:absolute;top:0;bottom:0;left:0;right:0;margin:auto;padding:0;width:22px;height:22px}<\/style>\t\t<div class=\"elementor-spacer\">\n\t\t\t<div class=\"elementor-spacer-inner\"><\/div>\n\t\t<\/div>\n\t\t\t\t<\/div>\n\t\t\t\t<\/div>\n\t\t\t\t<div class=\"elementor-element elementor-element-52899a0 elementor-widget__width-initial elementor-widget elementor-widget-heading\" data-id=\"52899a0\" data-element_type=\"widget\" data-widget_type=\"heading.default\">\n\t\t\t\t<div class=\"elementor-widget-container\">\n\t\t\t<style>\/*! elementor - v3.19.0 - 05-02-2024 *\/\n.elementor-heading-title{padding:0;margin:0;line-height:1}.elementor-widget-heading .elementor-heading-title[class*=elementor-size-]>a{color:inherit;font-size:inherit;line-height:inherit}.elementor-widget-heading .elementor-heading-title.elementor-size-small{font-size:15px}.elementor-widget-heading .elementor-heading-title.elementor-size-medium{font-size:19px}.elementor-widget-heading .elementor-heading-title.elementor-size-large{font-size:29px}.elementor-widget-heading .elementor-heading-title.elementor-size-xl{font-size:39px}.elementor-widget-heading .elementor-heading-title.elementor-size-xxl{font-size:59px}<\/style><h2 class=\"elementor-heading-title elementor-size-default\">Explorez les Saveurs du Monde Sans Quitter Votre Cuisine<\/h2>\t\t<\/div>\n\t\t\t\t<\/div>\n\t\t\t\t<\/div>\n\t\t<div class=\"elementor-element elementor-element-80bb578 e-flex e-con-boxed e-con e-parent\" data-id=\"80bb578\" data-element_type=\"container\" data-settings=\"{&quot;jet_parallax_layout_list&quot;:[],&quot;container_type&quot;:&quot;flex&quot;,&quot;content_width&quot;:&quot;boxed&quot;}\" data-core-v316-plus=\"true\">\n\t\t\t\t\t<div class=\"e-con-inner\">\n\t\t\t\t<div class=\"elementor-element elementor-element-1e409dc elementor-widget elementor-widget-heading\" data-id=\"1e409dc\" data-element_type=\"widget\" data-widget_type=\"heading.default\">\n\t\t\t\t<div class=\"elementor-widget-container\">\n\t\t\t<h2 class=\"elementor-heading-title elementor-size-default\">Nouveaut\u00e9s Culinaires \u00e0 D\u00e9couvrir<\/h2>\t\t<\/div>\n\t\t\t\t<\/div>\n\t\t<div class=\"elementor-element elementor-element-5280edc e-grid e-con-boxed e-con e-child\" data-id=\"5280edc\" data-element_type=\"container\" data-settings=\"{&quot;container_type&quot;:&quot;grid&quot;,&quot;jet_parallax_layout_list&quot;:[],&quot;content_width&quot;:&quot;boxed&quot;,&quot;grid_outline&quot;:&quot;yes&quot;,&quot;grid_columns_grid&quot;:{&quot;unit&quot;:&quot;fr&quot;,&quot;size&quot;:3,&quot;sizes&quot;:[]},&quot;grid_columns_grid_tablet&quot;:{&quot;unit&quot;:&quot;fr&quot;,&quot;size&quot;:&quot;&quot;,&quot;sizes&quot;:[]},&quot;grid_columns_grid_mobile&quot;:{&quot;unit&quot;:&quot;fr&quot;,&quot;size&quot;:1,&quot;sizes&quot;:[]},&quot;grid_rows_grid&quot;:{&quot;unit&quot;:&quot;fr&quot;,&quot;size&quot;:2,&quot;sizes&quot;:[]},&quot;grid_rows_grid_tablet&quot;:{&quot;unit&quot;:&quot;fr&quot;,&quot;size&quot;:&quot;&quot;,&quot;sizes&quot;:[]},&quot;grid_rows_grid_mobile&quot;:{&quot;unit&quot;:&quot;fr&quot;,&quot;size&quot;:&quot;&quot;,&quot;sizes&quot;:[]},&quot;grid_auto_flow&quot;:&quot;row&quot;,&quot;grid_auto_flow_tablet&quot;:&quot;row&quot;,&quot;grid_auto_flow_mobile&quot;:&quot;row&quot;}\">\n\t\t\t\t\t<div class=\"e-con-inner\">\n\t\t\t\t<div class=\"elementor-element elementor-element-01bb34e elementor-widget elementor-widget-image\" data-id=\"01bb34e\" data-element_type=\"widget\" data-widget_type=\"image.default\">\n\t\t\t\t<div class=\"elementor-widget-container\">\n\t\t\t<style>\/*! elementor - v3.19.0 - 05-02-2024 *\/\n.elementor-widget-image{text-align:center}.elementor-widget-image a{display:inline-block}.elementor-widget-image a img[src$=\".svg\"]{width:48px}.elementor-widget-image img{vertical-align:middle;display:inline-block}<\/style>\t\t\t\t\t\t\t\t\t\t\t<a href=\"https:\/\/gmalinova.eleves.mediamatique.ch\/jetengine\/petit-dejeuner\/\">\n\t\t\t\t\t\t\t<img fetchpriority=\"high\" decoding=\"async\" width=\"800\" height=\"534\" src=\"https:\/\/gmalinova.eleves.mediamatique.ch\/jetengine\/wp-content\/uploads\/2024\/05\/OEUF-BROUILLE-A-LA-PATE-MISO-1024x683.jpg\" class=\"attachment-large size-large wp-image-591\" alt=\"\" srcset=\"https:\/\/gmalinova.eleves.mediamatique.ch\/jetengine\/wp-content\/uploads\/2024\/05\/OEUF-BROUILLE-A-LA-PATE-MISO-1024x683.jpg 1024w, https:\/\/gmalinova.eleves.mediamatique.ch\/jetengine\/wp-content\/uploads\/2024\/05\/OEUF-BROUILLE-A-LA-PATE-MISO-300x200.jpg 300w, https:\/\/gmalinova.eleves.mediamatique.ch\/jetengine\/wp-content\/uploads\/2024\/05\/OEUF-BROUILLE-A-LA-PATE-MISO-768x512.jpg 768w, https:\/\/gmalinova.eleves.mediamatique.ch\/jetengine\/wp-content\/uploads\/2024\/05\/OEUF-BROUILLE-A-LA-PATE-MISO-1536x1024.jpg 1536w, https:\/\/gmalinova.eleves.mediamatique.ch\/jetengine\/wp-content\/uploads\/2024\/05\/OEUF-BROUILLE-A-LA-PATE-MISO.jpg 1560w\" sizes=\"(max-width: 800px) 100vw, 800px\" \/>\t\t\t\t\t\t\t\t<\/a>\n\t\t\t\t\t\t\t\t\t\t\t\t\t<\/div>\n\t\t\t\t<\/div>\n\t\t\t\t<div class=\"elementor-element elementor-element-067e620 elementor-widget elementor-widget-image\" data-id=\"067e620\" data-element_type=\"widget\" data-widget_type=\"image.default\">\n\t\t\t\t<div class=\"elementor-widget-container\">\n\t\t\t\t\t\t\t\t\t\t\t\t\t\t<a href=\"https:\/\/gmalinova.eleves.mediamatique.ch\/jetengine\/plat-principal\/\">\n\t\t\t\t\t\t\t<img decoding=\"async\" width=\"800\" height=\"534\" src=\"https:\/\/gmalinova.eleves.mediamatique.ch\/jetengine\/wp-content\/uploads\/2024\/05\/OSSO-BUCO-ET-SA-GREMOLATA-1024x683.jpg\" class=\"attachment-large size-large wp-image-595\" alt=\"\" srcset=\"https:\/\/gmalinova.eleves.mediamatique.ch\/jetengine\/wp-content\/uploads\/2024\/05\/OSSO-BUCO-ET-SA-GREMOLATA-1024x683.jpg 1024w, https:\/\/gmalinova.eleves.mediamatique.ch\/jetengine\/wp-content\/uploads\/2024\/05\/OSSO-BUCO-ET-SA-GREMOLATA-300x200.jpg 300w, https:\/\/gmalinova.eleves.mediamatique.ch\/jetengine\/wp-content\/uploads\/2024\/05\/OSSO-BUCO-ET-SA-GREMOLATA-768x512.jpg 768w, https:\/\/gmalinova.eleves.mediamatique.ch\/jetengine\/wp-content\/uploads\/2024\/05\/OSSO-BUCO-ET-SA-GREMOLATA-1536x1024.jpg 1536w, https:\/\/gmalinova.eleves.mediamatique.ch\/jetengine\/wp-content\/uploads\/2024\/05\/OSSO-BUCO-ET-SA-GREMOLATA.jpg 1560w\" sizes=\"(max-width: 800px) 100vw, 800px\" \/>\t\t\t\t\t\t\t\t<\/a>\n\t\t\t\t\t\t\t\t\t\t\t\t\t<\/div>\n\t\t\t\t<\/div>\n\t\t\t\t<div class=\"elementor-element elementor-element-27c5360 elementor-widget elementor-widget-image\" data-id=\"27c5360\" data-element_type=\"widget\" data-widget_type=\"image.default\">\n\t\t\t\t<div class=\"elementor-widget-container\">\n\t\t\t\t\t\t\t\t\t\t\t\t\t\t<a href=\"https:\/\/gmalinova.eleves.mediamatique.ch\/jetengine\/desserts\/\">\n\t\t\t\t\t\t\t<img decoding=\"async\" width=\"800\" height=\"534\" src=\"https:\/\/gmalinova.eleves.mediamatique.ch\/jetengine\/wp-content\/uploads\/2024\/01\/PISANG-GORENG-BANANES-FRITES-1024x683.jpg\" class=\"attachment-large size-large wp-image-39\" alt=\"\" srcset=\"https:\/\/gmalinova.eleves.mediamatique.ch\/jetengine\/wp-content\/uploads\/2024\/01\/PISANG-GORENG-BANANES-FRITES-1024x683.jpg 1024w, https:\/\/gmalinova.eleves.mediamatique.ch\/jetengine\/wp-content\/uploads\/2024\/01\/PISANG-GORENG-BANANES-FRITES-300x200.jpg 300w, https:\/\/gmalinova.eleves.mediamatique.ch\/jetengine\/wp-content\/uploads\/2024\/01\/PISANG-GORENG-BANANES-FRITES-768x512.jpg 768w, https:\/\/gmalinova.eleves.mediamatique.ch\/jetengine\/wp-content\/uploads\/2024\/01\/PISANG-GORENG-BANANES-FRITES-1536x1024.jpg 1536w, https:\/\/gmalinova.eleves.mediamatique.ch\/jetengine\/wp-content\/uploads\/2024\/01\/PISANG-GORENG-BANANES-FRITES.jpg 1560w\" sizes=\"(max-width: 800px) 100vw, 800px\" \/>\t\t\t\t\t\t\t\t<\/a>\n\t\t\t\t\t\t\t\t\t\t\t\t\t<\/div>\n\t\t\t\t<\/div>\n\t\t\t\t<div class=\"elementor-element elementor-element-a4046f9 elementor-widget elementor-widget-heading\" data-id=\"a4046f9\" data-element_type=\"widget\" data-widget_type=\"heading.default\">\n\t\t\t\t<div class=\"elementor-widget-container\">\n\t\t\t<h2 class=\"elementor-heading-title elementor-size-default\"><a href=\"https:\/\/gmalinova.eleves.mediamatique.ch\/jetengine\/petit-dejeuner\/\">Petit-d\u00e9jeuner<\/a><\/h2>\t\t<\/div>\n\t\t\t\t<\/div>\n\t\t\t\t<div class=\"elementor-element elementor-element-76a048e elementor-widget elementor-widget-heading\" data-id=\"76a048e\" data-element_type=\"widget\" data-widget_type=\"heading.default\">\n\t\t\t\t<div class=\"elementor-widget-container\">\n\t\t\t<h2 class=\"elementor-heading-title elementor-size-default\"><a href=\"https:\/\/gmalinova.eleves.mediamatique.ch\/jetengine\/plat-principal\/\" rel=\"nofollow\">Plat Principal<\/a><\/h2>\t\t<\/div>\n\t\t\t\t<\/div>\n\t\t\t\t<div class=\"elementor-element elementor-element-6a828ff elementor-widget elementor-widget-heading\" data-id=\"6a828ff\" data-element_type=\"widget\" data-widget_type=\"heading.default\">\n\t\t\t\t<div class=\"elementor-widget-container\">\n\t\t\t<h2 class=\"elementor-heading-title elementor-size-default\"><a href=\"https:\/\/gmalinova.eleves.mediamatique.ch\/jetengine\/desserts\/\">Desserts<\/a><\/h2>\t\t<\/div>\n\t\t\t\t<\/div>\n\t\t\t\t\t<\/div>\n\t\t\t\t<\/div>\n\t\t\t\t\t<\/div>\n\t\t\t\t<\/div>\n\t\t\t\t<\/div>\n\t\t","protected":false},"excerpt":{"rendered":"<p>Explorez les Saveurs du Monde Sans Quitter Votre Cuisine Nouveaut\u00e9s Culinaires \u00e0 D\u00e9couvrir Petit-d\u00e9jeuner Plat Principal Desserts<\/p>\n","protected":false},"author":1,"featured_media":0,"parent":0,"menu_order":0,"comment_status":"closed","ping_status":"closed","template":"","meta":{"footnotes":""},"class_list":["post-121","page","type-page","status-publish","hentry"],"_links":{"self":[{"href":"https:\/\/gmalinova.eleves.mediamatique.ch\/jetengine\/wp-json\/wp\/v2\/pages\/121","targetHints":{"allow":["GET"]}}],"collection":[{"href":"https:\/\/gmalinova.eleves.mediamatique.ch\/jetengine\/wp-json\/wp\/v2\/pages"}],"about":[{"href":"https:\/\/gmalinova.eleves.mediamatique.ch\/jetengine\/wp-json\/wp\/v2\/types\/page"}],"author":[{"embeddable":true,"href":"https:\/\/gmalinova.eleves.mediamatique.ch\/jetengine\/wp-json\/wp\/v2\/users\/1"}],"replies":[{"embeddable":true,"href":"https:\/\/gmalinova.eleves.mediamatique.ch\/jetengine\/wp-json\/wp\/v2\/comments?post=121"}],"version-history":[{"count":184,"href":"https:\/\/gmalinova.eleves.mediamatique.ch\/jetengine\/wp-json\/wp\/v2\/pages\/121\/revisions"}],"predecessor-version":[{"id":885,"href":"https:\/\/gmalinova.eleves.mediamatique.ch\/jetengine\/wp-json\/wp\/v2\/pages\/121\/revisions\/885"}],"wp:attachment":[{"href":"https:\/\/gmalinova.eleves.mediamatique.ch\/jetengine\/wp-json\/wp\/v2\/media?parent=121"}],"curies":[{"name":"wp","href":"https:\/\/api.w.org\/{rel}","templated":true}]}}