{"id":175,"date":"2023-06-22T02:16:27","date_gmt":"2023-06-22T00:16:27","guid":{"rendered":"https:\/\/gmalinova.eleves.mediamatique.ch\/gressy-greens\/?post_type=product&#038;p=175"},"modified":"2023-06-22T14:23:50","modified_gmt":"2023-06-22T12:23:50","slug":"pommes-1kg","status":"publish","type":"product","link":"https:\/\/gmalinova.eleves.mediamatique.ch\/gressy-greens\/?product=pommes-1kg","title":{"rendered":"Pommes 1kg"},"content":{"rendered":"<p>Les pommes sont un fruit embl\u00e9matique de saison, appr\u00e9ci\u00e9 pour leur go\u00fbt sucr\u00e9 et leur texture croquante. Chez Gressy Greens, nous vous proposons une s\u00e9lection de pommes de qualit\u00e9, soigneusement cultiv\u00e9es et r\u00e9colt\u00e9es \u00e0 maturit\u00e9.<\/p>\n<p>Nos pommes sont issues de vergers locaux, o\u00f9 les agriculteurs utilisent des pratiques durables pour pr\u00e9server l&rsquo;environnement. Chaque fruit est minutieusement inspect\u00e9 pour garantir sa fra\u00eecheur et sa qualit\u00e9 avant d&rsquo;arriver dans votre panier.<\/p>\n<p>Riches en fibres, en vitamines et en antioxydants, les pommes sont non seulement d\u00e9licieuses, mais \u00e9galement b\u00e9n\u00e9fiques pour la sant\u00e9. Elles constituent une collation \u00e9nergisante et nutritive, parfaite pour combler les petites faims ou accompagner vos repas.<\/p>\n<p>Que vous les d\u00e9gustiez nature, en compote, en tarte ou dans d&rsquo;autres pr\u00e9parations culinaires, nos pommes apporteront une touche de douceur et de saveur \u00e0 vos recettes. Leur chair juteuse et leur parfum d\u00e9licat en font un incontournable de la cuisine saine et gourmande.<\/p>\n<p>Chez Gressy Greens, nous nous engageons \u00e0 vous offrir des pommes fra\u00eeches et savoureuses, cultiv\u00e9es avec soin et respect de l&rsquo;environnement. Faites confiance \u00e0 notre expertise et savourez le go\u00fbt authentique des pommes de saison.<\/p>\n","protected":false},"excerpt":{"rendered":"<p>D\u00e9couvrez nos pommes croquantes et juteuses, cultiv\u00e9es localement avec soin. Savourez leur go\u00fbt sucr\u00e9 et profitez des bienfaits des fibres et des vitamines. Les pommes de Gressy Greens, une collation saine et d\u00e9licieuse \u00e0 tout moment de la journ\u00e9e.<\/p>\n","protected":false},"featured_media":176,"comment_status":"open","ping_status":"closed","template":"","meta":[],"product_cat":[16],"product_tag":[],"class_list":{"0":"post-175","1":"product","2":"type-product","3":"status-publish","4":"has-post-thumbnail","6":"product_cat-fruits","8":"first","9":"instock","10":"sale","11":"shipping-taxable","12":"purchasable","13":"product-type-variable","14":"has-default-attributes"},"yoast_head":"<!-- This site is optimized with the Yoast SEO plugin v20.9 - https:\/\/yoast.com\/wordpress\/plugins\/seo\/ -->\n<title>Pommes 1kg - Gressy Greens<\/title>\n<meta name=\"robots\" content=\"noindex, follow, max-snippet:-1, max-image-preview:large, max-video-preview:-1\" \/>\n<meta property=\"og:locale\" content=\"fr_FR\" \/>\n<meta property=\"og:type\" content=\"article\" \/>\n<meta property=\"og:title\" content=\"Pommes 1kg - Gressy Greens\" \/>\n<meta property=\"og:description\" content=\"D\u00e9couvrez nos pommes croquantes et juteuses, cultiv\u00e9es localement avec soin. Savourez leur go\u00fbt sucr\u00e9 et profitez des bienfaits des fibres et des vitamines. Les pommes de Gressy Greens, une collation saine et d\u00e9licieuse \u00e0 tout moment de la journ\u00e9e.\" \/>\n<meta property=\"og:url\" content=\"https:\/\/gmalinova.eleves.mediamatique.ch\/gressy-greens\/?product=pommes-1kg\" \/>\n<meta property=\"og:site_name\" content=\"Gressy Greens\" \/>\n<meta property=\"article:publisher\" content=\"https:\/\/www.facebook.com\/\" \/>\n<meta property=\"article:modified_time\" content=\"2023-06-22T12:23:50+00:00\" \/>\n<meta property=\"og:image\" content=\"https:\/\/gmalinova.eleves.mediamatique.ch\/gressy-greens\/wp-content\/uploads\/2023\/06\/pommes.png\" \/>\n\t<meta property=\"og:image:width\" content=\"1060\" \/>\n\t<meta property=\"og:image:height\" content=\"706\" \/>\n\t<meta property=\"og:image:type\" content=\"image\/png\" \/>\n<meta name=\"twitter:card\" content=\"summary_large_image\" \/>\n<meta name=\"twitter:label1\" content=\"Dur\u00e9e de lecture estim\u00e9e\" \/>\n\t<meta name=\"twitter:data1\" content=\"1 minute\" \/>\n<script type=\"application\/ld+json\" class=\"yoast-schema-graph\">{\"@context\":\"https:\/\/schema.org\",\"@graph\":[{\"@type\":\"WebPage\",\"@id\":\"https:\/\/gmalinova.eleves.mediamatique.ch\/gressy-greens\/?product=pommes-1kg\",\"url\":\"https:\/\/gmalinova.eleves.mediamatique.ch\/gressy-greens\/?product=pommes-1kg\",\"name\":\"Pommes 1kg - Gressy Greens\",\"isPartOf\":{\"@id\":\"https:\/\/gmalinova.eleves.mediamatique.ch\/gressy-greens\/#website\"},\"datePublished\":\"2023-06-22T00:16:27+00:00\",\"dateModified\":\"2023-06-22T12:23:50+00:00\",\"breadcrumb\":{\"@id\":\"https:\/\/gmalinova.eleves.mediamatique.ch\/gressy-greens\/?product=pommes-1kg#breadcrumb\"},\"inLanguage\":\"fr-FR\",\"potentialAction\":[{\"@type\":\"ReadAction\",\"target\":[\"https:\/\/gmalinova.eleves.mediamatique.ch\/gressy-greens\/?product=pommes-1kg\"]}]},{\"@type\":\"BreadcrumbList\",\"@id\":\"https:\/\/gmalinova.eleves.mediamatique.ch\/gressy-greens\/?product=pommes-1kg#breadcrumb\",\"itemListElement\":[{\"@type\":\"ListItem\",\"position\":1,\"name\":\"Accueil\",\"item\":\"https:\/\/gmalinova.eleves.mediamatique.ch\/gressy-greens\/\"},{\"@type\":\"ListItem\",\"position\":2,\"name\":\"Boutique\",\"item\":\"https:\/\/gmalinova.eleves.mediamatique.ch\/gressy-greens\/?page_id=34\"},{\"@type\":\"ListItem\",\"position\":3,\"name\":\"Pommes 1kg\"}]},{\"@type\":\"WebSite\",\"@id\":\"https:\/\/gmalinova.eleves.mediamatique.ch\/gressy-greens\/#website\",\"url\":\"https:\/\/gmalinova.eleves.mediamatique.ch\/gressy-greens\/\",\"name\":\"Gressy Greens\",\"description\":\"\",\"publisher\":{\"@id\":\"https:\/\/gmalinova.eleves.mediamatique.ch\/gressy-greens\/#organization\"},\"potentialAction\":[{\"@type\":\"SearchAction\",\"target\":{\"@type\":\"EntryPoint\",\"urlTemplate\":\"https:\/\/gmalinova.eleves.mediamatique.ch\/gressy-greens\/?s={search_term_string}\"},\"query-input\":\"required name=search_term_string\"}],\"inLanguage\":\"fr-FR\"},{\"@type\":\"Organization\",\"@id\":\"https:\/\/gmalinova.eleves.mediamatique.ch\/gressy-greens\/#organization\",\"name\":\"Gressy Greens\",\"url\":\"https:\/\/gmalinova.eleves.mediamatique.ch\/gressy-greens\/\",\"logo\":{\"@type\":\"ImageObject\",\"inLanguage\":\"fr-FR\",\"@id\":\"https:\/\/gmalinova.eleves.mediamatique.ch\/gressy-greens\/#\/schema\/logo\/image\/\",\"url\":\"https:\/\/gmalinova.eleves.mediamatique.ch\/gressy-greens\/wp-content\/uploads\/2023\/06\/gressy-greens.png\",\"contentUrl\":\"https:\/\/gmalinova.eleves.mediamatique.ch\/gressy-greens\/wp-content\/uploads\/2023\/06\/gressy-greens.png\",\"width\":201,\"height\":201,\"caption\":\"Gressy Greens\"},\"image\":{\"@id\":\"https:\/\/gmalinova.eleves.mediamatique.ch\/gressy-greens\/#\/schema\/logo\/image\/\"},\"sameAs\":[\"https:\/\/www.facebook.com\/\"]}]}<\/script>\n<!-- \/ Yoast SEO plugin. -->","yoast_head_json":{"title":"Pommes 1kg - Gressy Greens","robots":{"index":"noindex","follow":"follow","max-snippet":"max-snippet:-1","max-image-preview":"max-image-preview:large","max-video-preview":"max-video-preview:-1"},"og_locale":"fr_FR","og_type":"article","og_title":"Pommes 1kg - Gressy Greens","og_description":"D\u00e9couvrez nos pommes croquantes et juteuses, cultiv\u00e9es localement avec soin. Savourez leur go\u00fbt sucr\u00e9 et profitez des bienfaits des fibres et des vitamines. Les pommes de Gressy Greens, une collation saine et d\u00e9licieuse \u00e0 tout moment de la journ\u00e9e.","og_url":"https:\/\/gmalinova.eleves.mediamatique.ch\/gressy-greens\/?product=pommes-1kg","og_site_name":"Gressy Greens","article_publisher":"https:\/\/www.facebook.com\/","article_modified_time":"2023-06-22T12:23:50+00:00","og_image":[{"width":1060,"height":706,"url":"https:\/\/gmalinova.eleves.mediamatique.ch\/gressy-greens\/wp-content\/uploads\/2023\/06\/pommes.png","type":"image\/png"}],"twitter_card":"summary_large_image","twitter_misc":{"Dur\u00e9e de lecture estim\u00e9e":"1 minute"},"schema":{"@context":"https:\/\/schema.org","@graph":[{"@type":"WebPage","@id":"https:\/\/gmalinova.eleves.mediamatique.ch\/gressy-greens\/?product=pommes-1kg","url":"https:\/\/gmalinova.eleves.mediamatique.ch\/gressy-greens\/?product=pommes-1kg","name":"Pommes 1kg - Gressy Greens","isPartOf":{"@id":"https:\/\/gmalinova.eleves.mediamatique.ch\/gressy-greens\/#website"},"datePublished":"2023-06-22T00:16:27+00:00","dateModified":"2023-06-22T12:23:50+00:00","breadcrumb":{"@id":"https:\/\/gmalinova.eleves.mediamatique.ch\/gressy-greens\/?product=pommes-1kg#breadcrumb"},"inLanguage":"fr-FR","potentialAction":[{"@type":"ReadAction","target":["https:\/\/gmalinova.eleves.mediamatique.ch\/gressy-greens\/?product=pommes-1kg"]}]},{"@type":"BreadcrumbList","@id":"https:\/\/gmalinova.eleves.mediamatique.ch\/gressy-greens\/?product=pommes-1kg#breadcrumb","itemListElement":[{"@type":"ListItem","position":1,"name":"Accueil","item":"https:\/\/gmalinova.eleves.mediamatique.ch\/gressy-greens\/"},{"@type":"ListItem","position":2,"name":"Boutique","item":"https:\/\/gmalinova.eleves.mediamatique.ch\/gressy-greens\/?page_id=34"},{"@type":"ListItem","position":3,"name":"Pommes 1kg"}]},{"@type":"WebSite","@id":"https:\/\/gmalinova.eleves.mediamatique.ch\/gressy-greens\/#website","url":"https:\/\/gmalinova.eleves.mediamatique.ch\/gressy-greens\/","name":"Gressy Greens","description":"","publisher":{"@id":"https:\/\/gmalinova.eleves.mediamatique.ch\/gressy-greens\/#organization"},"potentialAction":[{"@type":"SearchAction","target":{"@type":"EntryPoint","urlTemplate":"https:\/\/gmalinova.eleves.mediamatique.ch\/gressy-greens\/?s={search_term_string}"},"query-input":"required name=search_term_string"}],"inLanguage":"fr-FR"},{"@type":"Organization","@id":"https:\/\/gmalinova.eleves.mediamatique.ch\/gressy-greens\/#organization","name":"Gressy Greens","url":"https:\/\/gmalinova.eleves.mediamatique.ch\/gressy-greens\/","logo":{"@type":"ImageObject","inLanguage":"fr-FR","@id":"https:\/\/gmalinova.eleves.mediamatique.ch\/gressy-greens\/#\/schema\/logo\/image\/","url":"https:\/\/gmalinova.eleves.mediamatique.ch\/gressy-greens\/wp-content\/uploads\/2023\/06\/gressy-greens.png","contentUrl":"https:\/\/gmalinova.eleves.mediamatique.ch\/gressy-greens\/wp-content\/uploads\/2023\/06\/gressy-greens.png","width":201,"height":201,"caption":"Gressy Greens"},"image":{"@id":"https:\/\/gmalinova.eleves.mediamatique.ch\/gressy-greens\/#\/schema\/logo\/image\/"},"sameAs":["https:\/\/www.facebook.com\/"]}]}},"_links":{"self":[{"href":"https:\/\/gmalinova.eleves.mediamatique.ch\/gressy-greens\/index.php?rest_route=\/wp\/v2\/product\/175","targetHints":{"allow":["GET"]}}],"collection":[{"href":"https:\/\/gmalinova.eleves.mediamatique.ch\/gressy-greens\/index.php?rest_route=\/wp\/v2\/product"}],"about":[{"href":"https:\/\/gmalinova.eleves.mediamatique.ch\/gressy-greens\/index.php?rest_route=\/wp\/v2\/types\/product"}],"replies":[{"embeddable":true,"href":"https:\/\/gmalinova.eleves.mediamatique.ch\/gressy-greens\/index.php?rest_route=%2Fwp%2Fv2%2Fcomments&post=175"}],"wp:featuredmedia":[{"embeddable":true,"href":"https:\/\/gmalinova.eleves.mediamatique.ch\/gressy-greens\/index.php?rest_route=\/wp\/v2\/media\/176"}],"wp:attachment":[{"href":"https:\/\/gmalinova.eleves.mediamatique.ch\/gressy-greens\/index.php?rest_route=%2Fwp%2Fv2%2Fmedia&parent=175"}],"wp:term":[{"taxonomy":"product_cat","embeddable":true,"href":"https:\/\/gmalinova.eleves.mediamatique.ch\/gressy-greens\/index.php?rest_route=%2Fwp%2Fv2%2Fproduct_cat&post=175"},{"taxonomy":"product_tag","embeddable":true,"href":"https:\/\/gmalinova.eleves.mediamatique.ch\/gressy-greens\/index.php?rest_route=%2Fwp%2Fv2%2Fproduct_tag&post=175"}],"curies":[{"name":"wp","href":"https:\/\/api.w.org\/{rel}","templated":true}]}}