{"id":165,"date":"2023-06-22T01:49:45","date_gmt":"2023-06-21T23:49:45","guid":{"rendered":"https:\/\/gmalinova.eleves.mediamatique.ch\/gressy-greens\/?post_type=product&#038;p=165"},"modified":"2023-06-22T14:26:43","modified_gmt":"2023-06-22T12:26:43","slug":"carottes-1-kg","status":"publish","type":"product","link":"https:\/\/gmalinova.eleves.mediamatique.ch\/gressy-greens\/?product=carottes-1-kg","title":{"rendered":"Carottes 1 kg"},"content":{"rendered":"<p>Croquantes, juteuses et pleines de bienfaits, nos carottes sont un incontournable de l&rsquo;alimentation saine. Avec leur couleur vive et leur saveur sucr\u00e9e, elles sont non seulement d\u00e9licieuses, mais \u00e9galement riches en nutriments essentiels pour une sant\u00e9 optimale.<\/p>\n<p>Les carottes sont particuli\u00e8rement connues pour leur teneur \u00e9lev\u00e9e en b\u00eata-carot\u00e8ne, un pr\u00e9curseur de la vitamine A. La vitamine A est essentielle pour la sant\u00e9 de la vision, la croissance cellulaire, le syst\u00e8me immunitaire et la sant\u00e9 de la peau. En consommant r\u00e9guli\u00e8rement des carottes, vous contribuez \u00e0 maintenir votre vision et votre peau en bonne sant\u00e9.<\/p>\n<p>En plus de la vitamine A, les carottes sont \u00e9galement une source de vitamines C, K et B6, ainsi que de min\u00e9raux tels que le potassium et le mangan\u00e8se. Elles sont \u00e9galement riches en fibres, ce qui favorise la digestion et contribue \u00e0 la sati\u00e9t\u00e9.<\/p>\n<p>Les bienfaits des carottes vont au-del\u00e0 de leur profil nutritionnel. Elles sont \u00e9galement reconnues pour leurs propri\u00e9t\u00e9s antioxydantes, aidant \u00e0 neutraliser les radicaux libres et \u00e0 r\u00e9duire les dommages cellulaires. De plus, leur croquant naturel stimule la mastication, ce qui favorise une meilleure sant\u00e9 bucco-dentaire.<\/p>\n<p>Ajoutez nos carottes fra\u00eeches \u00e0 vos salades, soupes, jus ou consommez-les telles quelles pour b\u00e9n\u00e9ficier de tous leurs bienfaits nutritionnels. Avec leur go\u00fbt sucr\u00e9 et leur texture satisfaisante, nos carottes vous permettront de savourer un l\u00e9gume d\u00e9licieux tout en prenant soin de votre sant\u00e9 globale.<\/p>\n","protected":false},"excerpt":{"rendered":"<p>Croquants, juteux et riches en nutriments. Profitez de la saveur sucr\u00e9e et des bienfaits nutritionnels des carottes fra\u00eeches. Un choix sain pour une alimentation \u00e9quilibr\u00e9e.<\/p>\n","protected":false},"featured_media":166,"comment_status":"open","ping_status":"closed","template":"","meta":[],"product_cat":[20],"product_tag":[],"class_list":{"0":"post-165","1":"product","2":"type-product","3":"status-publish","4":"has-post-thumbnail","6":"product_cat-legumes","8":"first","9":"instock","10":"sale","11":"shipping-taxable","12":"purchasable","13":"product-type-variable"},"yoast_head":"<!-- This site is optimized with the Yoast SEO plugin v20.9 - https:\/\/yoast.com\/wordpress\/plugins\/seo\/ -->\n<title>Carottes 1 kg - Gressy Greens<\/title>\n<meta name=\"robots\" content=\"noindex, follow, max-snippet:-1, max-image-preview:large, max-video-preview:-1\" \/>\n<meta property=\"og:locale\" content=\"fr_FR\" \/>\n<meta property=\"og:type\" content=\"article\" \/>\n<meta property=\"og:title\" content=\"Carottes 1 kg - Gressy Greens\" \/>\n<meta property=\"og:description\" content=\"Croquants, juteux et riches en nutriments. Profitez de la saveur sucr\u00e9e et des bienfaits nutritionnels des carottes fra\u00eeches. Un choix sain pour une alimentation \u00e9quilibr\u00e9e.\" \/>\n<meta property=\"og:url\" content=\"https:\/\/gmalinova.eleves.mediamatique.ch\/gressy-greens\/?product=carottes-1-kg\" \/>\n<meta property=\"og:site_name\" content=\"Gressy Greens\" \/>\n<meta property=\"article:publisher\" content=\"https:\/\/www.facebook.com\/\" \/>\n<meta property=\"article:modified_time\" content=\"2023-06-22T12:26:43+00:00\" \/>\n<meta property=\"og:image\" content=\"https:\/\/gmalinova.eleves.mediamatique.ch\/gressy-greens\/wp-content\/uploads\/2023\/06\/carrotes.png\" \/>\n\t<meta property=\"og:image:width\" content=\"1060\" \/>\n\t<meta property=\"og:image:height\" content=\"708\" \/>\n\t<meta property=\"og:image:type\" content=\"image\/png\" \/>\n<meta name=\"twitter:card\" content=\"summary_large_image\" \/>\n<meta name=\"twitter:label1\" content=\"Dur\u00e9e de lecture estim\u00e9e\" \/>\n\t<meta name=\"twitter:data1\" content=\"2 minutes\" \/>\n<script type=\"application\/ld+json\" class=\"yoast-schema-graph\">{\"@context\":\"https:\/\/schema.org\",\"@graph\":[{\"@type\":\"WebPage\",\"@id\":\"https:\/\/gmalinova.eleves.mediamatique.ch\/gressy-greens\/?product=carottes-1-kg\",\"url\":\"https:\/\/gmalinova.eleves.mediamatique.ch\/gressy-greens\/?product=carottes-1-kg\",\"name\":\"Carottes 1 kg - Gressy Greens\",\"isPartOf\":{\"@id\":\"https:\/\/gmalinova.eleves.mediamatique.ch\/gressy-greens\/#website\"},\"datePublished\":\"2023-06-21T23:49:45+00:00\",\"dateModified\":\"2023-06-22T12:26:43+00:00\",\"breadcrumb\":{\"@id\":\"https:\/\/gmalinova.eleves.mediamatique.ch\/gressy-greens\/?product=carottes-1-kg#breadcrumb\"},\"inLanguage\":\"fr-FR\",\"potentialAction\":[{\"@type\":\"ReadAction\",\"target\":[\"https:\/\/gmalinova.eleves.mediamatique.ch\/gressy-greens\/?product=carottes-1-kg\"]}]},{\"@type\":\"BreadcrumbList\",\"@id\":\"https:\/\/gmalinova.eleves.mediamatique.ch\/gressy-greens\/?product=carottes-1-kg#breadcrumb\",\"itemListElement\":[{\"@type\":\"ListItem\",\"position\":1,\"name\":\"Accueil\",\"item\":\"https:\/\/gmalinova.eleves.mediamatique.ch\/gressy-greens\/\"},{\"@type\":\"ListItem\",\"position\":2,\"name\":\"Boutique\",\"item\":\"https:\/\/gmalinova.eleves.mediamatique.ch\/gressy-greens\/?page_id=34\"},{\"@type\":\"ListItem\",\"position\":3,\"name\":\"Carottes 1 kg\"}]},{\"@type\":\"WebSite\",\"@id\":\"https:\/\/gmalinova.eleves.mediamatique.ch\/gressy-greens\/#website\",\"url\":\"https:\/\/gmalinova.eleves.mediamatique.ch\/gressy-greens\/\",\"name\":\"Gressy Greens\",\"description\":\"\",\"publisher\":{\"@id\":\"https:\/\/gmalinova.eleves.mediamatique.ch\/gressy-greens\/#organization\"},\"potentialAction\":[{\"@type\":\"SearchAction\",\"target\":{\"@type\":\"EntryPoint\",\"urlTemplate\":\"https:\/\/gmalinova.eleves.mediamatique.ch\/gressy-greens\/?s={search_term_string}\"},\"query-input\":\"required name=search_term_string\"}],\"inLanguage\":\"fr-FR\"},{\"@type\":\"Organization\",\"@id\":\"https:\/\/gmalinova.eleves.mediamatique.ch\/gressy-greens\/#organization\",\"name\":\"Gressy Greens\",\"url\":\"https:\/\/gmalinova.eleves.mediamatique.ch\/gressy-greens\/\",\"logo\":{\"@type\":\"ImageObject\",\"inLanguage\":\"fr-FR\",\"@id\":\"https:\/\/gmalinova.eleves.mediamatique.ch\/gressy-greens\/#\/schema\/logo\/image\/\",\"url\":\"https:\/\/gmalinova.eleves.mediamatique.ch\/gressy-greens\/wp-content\/uploads\/2023\/06\/gressy-greens.png\",\"contentUrl\":\"https:\/\/gmalinova.eleves.mediamatique.ch\/gressy-greens\/wp-content\/uploads\/2023\/06\/gressy-greens.png\",\"width\":201,\"height\":201,\"caption\":\"Gressy Greens\"},\"image\":{\"@id\":\"https:\/\/gmalinova.eleves.mediamatique.ch\/gressy-greens\/#\/schema\/logo\/image\/\"},\"sameAs\":[\"https:\/\/www.facebook.com\/\"]}]}<\/script>\n<!-- \/ Yoast SEO plugin. -->","yoast_head_json":{"title":"Carottes 1 kg - Gressy Greens","robots":{"index":"noindex","follow":"follow","max-snippet":"max-snippet:-1","max-image-preview":"max-image-preview:large","max-video-preview":"max-video-preview:-1"},"og_locale":"fr_FR","og_type":"article","og_title":"Carottes 1 kg - Gressy Greens","og_description":"Croquants, juteux et riches en nutriments. Profitez de la saveur sucr\u00e9e et des bienfaits nutritionnels des carottes fra\u00eeches. Un choix sain pour une alimentation \u00e9quilibr\u00e9e.","og_url":"https:\/\/gmalinova.eleves.mediamatique.ch\/gressy-greens\/?product=carottes-1-kg","og_site_name":"Gressy Greens","article_publisher":"https:\/\/www.facebook.com\/","article_modified_time":"2023-06-22T12:26:43+00:00","og_image":[{"width":1060,"height":708,"url":"https:\/\/gmalinova.eleves.mediamatique.ch\/gressy-greens\/wp-content\/uploads\/2023\/06\/carrotes.png","type":"image\/png"}],"twitter_card":"summary_large_image","twitter_misc":{"Dur\u00e9e de lecture estim\u00e9e":"2 minutes"},"schema":{"@context":"https:\/\/schema.org","@graph":[{"@type":"WebPage","@id":"https:\/\/gmalinova.eleves.mediamatique.ch\/gressy-greens\/?product=carottes-1-kg","url":"https:\/\/gmalinova.eleves.mediamatique.ch\/gressy-greens\/?product=carottes-1-kg","name":"Carottes 1 kg - Gressy Greens","isPartOf":{"@id":"https:\/\/gmalinova.eleves.mediamatique.ch\/gressy-greens\/#website"},"datePublished":"2023-06-21T23:49:45+00:00","dateModified":"2023-06-22T12:26:43+00:00","breadcrumb":{"@id":"https:\/\/gmalinova.eleves.mediamatique.ch\/gressy-greens\/?product=carottes-1-kg#breadcrumb"},"inLanguage":"fr-FR","potentialAction":[{"@type":"ReadAction","target":["https:\/\/gmalinova.eleves.mediamatique.ch\/gressy-greens\/?product=carottes-1-kg"]}]},{"@type":"BreadcrumbList","@id":"https:\/\/gmalinova.eleves.mediamatique.ch\/gressy-greens\/?product=carottes-1-kg#breadcrumb","itemListElement":[{"@type":"ListItem","position":1,"name":"Accueil","item":"https:\/\/gmalinova.eleves.mediamatique.ch\/gressy-greens\/"},{"@type":"ListItem","position":2,"name":"Boutique","item":"https:\/\/gmalinova.eleves.mediamatique.ch\/gressy-greens\/?page_id=34"},{"@type":"ListItem","position":3,"name":"Carottes 1 kg"}]},{"@type":"WebSite","@id":"https:\/\/gmalinova.eleves.mediamatique.ch\/gressy-greens\/#website","url":"https:\/\/gmalinova.eleves.mediamatique.ch\/gressy-greens\/","name":"Gressy Greens","description":"","publisher":{"@id":"https:\/\/gmalinova.eleves.mediamatique.ch\/gressy-greens\/#organization"},"potentialAction":[{"@type":"SearchAction","target":{"@type":"EntryPoint","urlTemplate":"https:\/\/gmalinova.eleves.mediamatique.ch\/gressy-greens\/?s={search_term_string}"},"query-input":"required name=search_term_string"}],"inLanguage":"fr-FR"},{"@type":"Organization","@id":"https:\/\/gmalinova.eleves.mediamatique.ch\/gressy-greens\/#organization","name":"Gressy Greens","url":"https:\/\/gmalinova.eleves.mediamatique.ch\/gressy-greens\/","logo":{"@type":"ImageObject","inLanguage":"fr-FR","@id":"https:\/\/gmalinova.eleves.mediamatique.ch\/gressy-greens\/#\/schema\/logo\/image\/","url":"https:\/\/gmalinova.eleves.mediamatique.ch\/gressy-greens\/wp-content\/uploads\/2023\/06\/gressy-greens.png","contentUrl":"https:\/\/gmalinova.eleves.mediamatique.ch\/gressy-greens\/wp-content\/uploads\/2023\/06\/gressy-greens.png","width":201,"height":201,"caption":"Gressy Greens"},"image":{"@id":"https:\/\/gmalinova.eleves.mediamatique.ch\/gressy-greens\/#\/schema\/logo\/image\/"},"sameAs":["https:\/\/www.facebook.com\/"]}]}},"_links":{"self":[{"href":"https:\/\/gmalinova.eleves.mediamatique.ch\/gressy-greens\/index.php?rest_route=\/wp\/v2\/product\/165","targetHints":{"allow":["GET"]}}],"collection":[{"href":"https:\/\/gmalinova.eleves.mediamatique.ch\/gressy-greens\/index.php?rest_route=\/wp\/v2\/product"}],"about":[{"href":"https:\/\/gmalinova.eleves.mediamatique.ch\/gressy-greens\/index.php?rest_route=\/wp\/v2\/types\/product"}],"replies":[{"embeddable":true,"href":"https:\/\/gmalinova.eleves.mediamatique.ch\/gressy-greens\/index.php?rest_route=%2Fwp%2Fv2%2Fcomments&post=165"}],"wp:featuredmedia":[{"embeddable":true,"href":"https:\/\/gmalinova.eleves.mediamatique.ch\/gressy-greens\/index.php?rest_route=\/wp\/v2\/media\/166"}],"wp:attachment":[{"href":"https:\/\/gmalinova.eleves.mediamatique.ch\/gressy-greens\/index.php?rest_route=%2Fwp%2Fv2%2Fmedia&parent=165"}],"wp:term":[{"taxonomy":"product_cat","embeddable":true,"href":"https:\/\/gmalinova.eleves.mediamatique.ch\/gressy-greens\/index.php?rest_route=%2Fwp%2Fv2%2Fproduct_cat&post=165"},{"taxonomy":"product_tag","embeddable":true,"href":"https:\/\/gmalinova.eleves.mediamatique.ch\/gressy-greens\/index.php?rest_route=%2Fwp%2Fv2%2Fproduct_tag&post=165"}],"curies":[{"name":"wp","href":"https:\/\/api.w.org\/{rel}","templated":true}]}}