{"id":15,"date":"2023-06-21T09:23:24","date_gmt":"2023-06-21T07:23:24","guid":{"rendered":"https:\/\/gmalinova.eleves.mediamatique.ch\/gressy-greens\/?post_type=product&#038;p=15"},"modified":"2023-06-22T14:36:19","modified_gmt":"2023-06-22T12:36:19","slug":"mini-pasteques-1-piece","status":"publish","type":"product","link":"https:\/\/gmalinova.eleves.mediamatique.ch\/gressy-greens\/?product=mini-pasteques-1-piece","title":{"rendered":"Mini-past\u00e8ques 1 pi\u00e8ce"},"content":{"rendered":"<p>Les mini-past\u00e8ques d&rsquo;une seule pi\u00e8ce sont de d\u00e9licieux fruits rafra\u00eechissants, parfaits pour une collation saine et savoureuse. Leur petite taille les rend id\u00e9ales pour les enfants et les portions individuelles, offrant une explosion de saveur sucr\u00e9e et juteuse en une seule bouch\u00e9e.<\/p>\n","protected":false},"excerpt":{"rendered":"<p>Les mini-past\u00e8ques d&rsquo;une seule pi\u00e8ce sont de d\u00e9licieux fruits rafra\u00eechissants, parfaits pour une collation saine et savoureuse.<\/p>\n","protected":false},"featured_media":16,"comment_status":"open","ping_status":"closed","template":"","meta":[],"product_cat":[16],"product_tag":[],"class_list":{"0":"post-15","1":"product","2":"type-product","3":"status-publish","4":"has-post-thumbnail","6":"product_cat-fruits","8":"first","9":"instock","10":"featured","11":"shipping-taxable","12":"purchasable","13":"product-type-variable"},"yoast_head":"<!-- This site is optimized with the Yoast SEO plugin v20.9 - https:\/\/yoast.com\/wordpress\/plugins\/seo\/ -->\n<title>Mini-past\u00e8ques 1 pi\u00e8ce - Gressy Greens<\/title>\n<meta name=\"robots\" content=\"noindex, follow, max-snippet:-1, max-image-preview:large, max-video-preview:-1\" \/>\n<meta property=\"og:locale\" content=\"fr_FR\" \/>\n<meta property=\"og:type\" content=\"article\" \/>\n<meta property=\"og:title\" content=\"Mini-past\u00e8ques 1 pi\u00e8ce - Gressy Greens\" \/>\n<meta property=\"og:description\" content=\"Les mini-past\u00e8ques d&#039;une seule pi\u00e8ce sont de d\u00e9licieux fruits rafra\u00eechissants, parfaits pour une collation saine et savoureuse.\" \/>\n<meta property=\"og:url\" content=\"https:\/\/gmalinova.eleves.mediamatique.ch\/gressy-greens\/?product=mini-pasteques-1-piece\" \/>\n<meta property=\"og:site_name\" content=\"Gressy Greens\" \/>\n<meta property=\"article:publisher\" content=\"https:\/\/www.facebook.com\/\" \/>\n<meta property=\"article:modified_time\" content=\"2023-06-22T12:36:19+00:00\" \/>\n<meta property=\"og:image\" content=\"https:\/\/gmalinova.eleves.mediamatique.ch\/gressy-greens\/wp-content\/uploads\/2023\/06\/watermelon-5735979_1280.png\" \/>\n\t<meta property=\"og:image:width\" content=\"1280\" \/>\n\t<meta property=\"og:image:height\" content=\"645\" \/>\n\t<meta property=\"og:image:type\" content=\"image\/png\" \/>\n<meta name=\"twitter:card\" content=\"summary_large_image\" \/>\n<meta name=\"twitter:label1\" content=\"Dur\u00e9e de lecture estim\u00e9e\" \/>\n\t<meta name=\"twitter:data1\" content=\"1 minute\" \/>\n<script type=\"application\/ld+json\" class=\"yoast-schema-graph\">{\"@context\":\"https:\/\/schema.org\",\"@graph\":[{\"@type\":\"WebPage\",\"@id\":\"https:\/\/gmalinova.eleves.mediamatique.ch\/gressy-greens\/?product=mini-pasteques-1-piece\",\"url\":\"https:\/\/gmalinova.eleves.mediamatique.ch\/gressy-greens\/?product=mini-pasteques-1-piece\",\"name\":\"Mini-past\u00e8ques 1 pi\u00e8ce - Gressy Greens\",\"isPartOf\":{\"@id\":\"https:\/\/gmalinova.eleves.mediamatique.ch\/gressy-greens\/#website\"},\"datePublished\":\"2023-06-21T07:23:24+00:00\",\"dateModified\":\"2023-06-22T12:36:19+00:00\",\"breadcrumb\":{\"@id\":\"https:\/\/gmalinova.eleves.mediamatique.ch\/gressy-greens\/?product=mini-pasteques-1-piece#breadcrumb\"},\"inLanguage\":\"fr-FR\",\"potentialAction\":[{\"@type\":\"ReadAction\",\"target\":[\"https:\/\/gmalinova.eleves.mediamatique.ch\/gressy-greens\/?product=mini-pasteques-1-piece\"]}]},{\"@type\":\"BreadcrumbList\",\"@id\":\"https:\/\/gmalinova.eleves.mediamatique.ch\/gressy-greens\/?product=mini-pasteques-1-piece#breadcrumb\",\"itemListElement\":[{\"@type\":\"ListItem\",\"position\":1,\"name\":\"Accueil\",\"item\":\"https:\/\/gmalinova.eleves.mediamatique.ch\/gressy-greens\/\"},{\"@type\":\"ListItem\",\"position\":2,\"name\":\"Boutique\",\"item\":\"https:\/\/gmalinova.eleves.mediamatique.ch\/gressy-greens\/?page_id=34\"},{\"@type\":\"ListItem\",\"position\":3,\"name\":\"Mini-past\u00e8ques 1 pi\u00e8ce\"}]},{\"@type\":\"WebSite\",\"@id\":\"https:\/\/gmalinova.eleves.mediamatique.ch\/gressy-greens\/#website\",\"url\":\"https:\/\/gmalinova.eleves.mediamatique.ch\/gressy-greens\/\",\"name\":\"Gressy Greens\",\"description\":\"\",\"publisher\":{\"@id\":\"https:\/\/gmalinova.eleves.mediamatique.ch\/gressy-greens\/#organization\"},\"potentialAction\":[{\"@type\":\"SearchAction\",\"target\":{\"@type\":\"EntryPoint\",\"urlTemplate\":\"https:\/\/gmalinova.eleves.mediamatique.ch\/gressy-greens\/?s={search_term_string}\"},\"query-input\":\"required name=search_term_string\"}],\"inLanguage\":\"fr-FR\"},{\"@type\":\"Organization\",\"@id\":\"https:\/\/gmalinova.eleves.mediamatique.ch\/gressy-greens\/#organization\",\"name\":\"Gressy Greens\",\"url\":\"https:\/\/gmalinova.eleves.mediamatique.ch\/gressy-greens\/\",\"logo\":{\"@type\":\"ImageObject\",\"inLanguage\":\"fr-FR\",\"@id\":\"https:\/\/gmalinova.eleves.mediamatique.ch\/gressy-greens\/#\/schema\/logo\/image\/\",\"url\":\"https:\/\/gmalinova.eleves.mediamatique.ch\/gressy-greens\/wp-content\/uploads\/2023\/06\/gressy-greens.png\",\"contentUrl\":\"https:\/\/gmalinova.eleves.mediamatique.ch\/gressy-greens\/wp-content\/uploads\/2023\/06\/gressy-greens.png\",\"width\":201,\"height\":201,\"caption\":\"Gressy Greens\"},\"image\":{\"@id\":\"https:\/\/gmalinova.eleves.mediamatique.ch\/gressy-greens\/#\/schema\/logo\/image\/\"},\"sameAs\":[\"https:\/\/www.facebook.com\/\"]}]}<\/script>\n<!-- \/ Yoast SEO plugin. -->","yoast_head_json":{"title":"Mini-past\u00e8ques 1 pi\u00e8ce - Gressy Greens","robots":{"index":"noindex","follow":"follow","max-snippet":"max-snippet:-1","max-image-preview":"max-image-preview:large","max-video-preview":"max-video-preview:-1"},"og_locale":"fr_FR","og_type":"article","og_title":"Mini-past\u00e8ques 1 pi\u00e8ce - Gressy Greens","og_description":"Les mini-past\u00e8ques d'une seule pi\u00e8ce sont de d\u00e9licieux fruits rafra\u00eechissants, parfaits pour une collation saine et savoureuse.","og_url":"https:\/\/gmalinova.eleves.mediamatique.ch\/gressy-greens\/?product=mini-pasteques-1-piece","og_site_name":"Gressy Greens","article_publisher":"https:\/\/www.facebook.com\/","article_modified_time":"2023-06-22T12:36:19+00:00","og_image":[{"width":1280,"height":645,"url":"https:\/\/gmalinova.eleves.mediamatique.ch\/gressy-greens\/wp-content\/uploads\/2023\/06\/watermelon-5735979_1280.png","type":"image\/png"}],"twitter_card":"summary_large_image","twitter_misc":{"Dur\u00e9e de lecture estim\u00e9e":"1 minute"},"schema":{"@context":"https:\/\/schema.org","@graph":[{"@type":"WebPage","@id":"https:\/\/gmalinova.eleves.mediamatique.ch\/gressy-greens\/?product=mini-pasteques-1-piece","url":"https:\/\/gmalinova.eleves.mediamatique.ch\/gressy-greens\/?product=mini-pasteques-1-piece","name":"Mini-past\u00e8ques 1 pi\u00e8ce - Gressy Greens","isPartOf":{"@id":"https:\/\/gmalinova.eleves.mediamatique.ch\/gressy-greens\/#website"},"datePublished":"2023-06-21T07:23:24+00:00","dateModified":"2023-06-22T12:36:19+00:00","breadcrumb":{"@id":"https:\/\/gmalinova.eleves.mediamatique.ch\/gressy-greens\/?product=mini-pasteques-1-piece#breadcrumb"},"inLanguage":"fr-FR","potentialAction":[{"@type":"ReadAction","target":["https:\/\/gmalinova.eleves.mediamatique.ch\/gressy-greens\/?product=mini-pasteques-1-piece"]}]},{"@type":"BreadcrumbList","@id":"https:\/\/gmalinova.eleves.mediamatique.ch\/gressy-greens\/?product=mini-pasteques-1-piece#breadcrumb","itemListElement":[{"@type":"ListItem","position":1,"name":"Accueil","item":"https:\/\/gmalinova.eleves.mediamatique.ch\/gressy-greens\/"},{"@type":"ListItem","position":2,"name":"Boutique","item":"https:\/\/gmalinova.eleves.mediamatique.ch\/gressy-greens\/?page_id=34"},{"@type":"ListItem","position":3,"name":"Mini-past\u00e8ques 1 pi\u00e8ce"}]},{"@type":"WebSite","@id":"https:\/\/gmalinova.eleves.mediamatique.ch\/gressy-greens\/#website","url":"https:\/\/gmalinova.eleves.mediamatique.ch\/gressy-greens\/","name":"Gressy Greens","description":"","publisher":{"@id":"https:\/\/gmalinova.eleves.mediamatique.ch\/gressy-greens\/#organization"},"potentialAction":[{"@type":"SearchAction","target":{"@type":"EntryPoint","urlTemplate":"https:\/\/gmalinova.eleves.mediamatique.ch\/gressy-greens\/?s={search_term_string}"},"query-input":"required name=search_term_string"}],"inLanguage":"fr-FR"},{"@type":"Organization","@id":"https:\/\/gmalinova.eleves.mediamatique.ch\/gressy-greens\/#organization","name":"Gressy Greens","url":"https:\/\/gmalinova.eleves.mediamatique.ch\/gressy-greens\/","logo":{"@type":"ImageObject","inLanguage":"fr-FR","@id":"https:\/\/gmalinova.eleves.mediamatique.ch\/gressy-greens\/#\/schema\/logo\/image\/","url":"https:\/\/gmalinova.eleves.mediamatique.ch\/gressy-greens\/wp-content\/uploads\/2023\/06\/gressy-greens.png","contentUrl":"https:\/\/gmalinova.eleves.mediamatique.ch\/gressy-greens\/wp-content\/uploads\/2023\/06\/gressy-greens.png","width":201,"height":201,"caption":"Gressy Greens"},"image":{"@id":"https:\/\/gmalinova.eleves.mediamatique.ch\/gressy-greens\/#\/schema\/logo\/image\/"},"sameAs":["https:\/\/www.facebook.com\/"]}]}},"_links":{"self":[{"href":"https:\/\/gmalinova.eleves.mediamatique.ch\/gressy-greens\/index.php?rest_route=\/wp\/v2\/product\/15","targetHints":{"allow":["GET"]}}],"collection":[{"href":"https:\/\/gmalinova.eleves.mediamatique.ch\/gressy-greens\/index.php?rest_route=\/wp\/v2\/product"}],"about":[{"href":"https:\/\/gmalinova.eleves.mediamatique.ch\/gressy-greens\/index.php?rest_route=\/wp\/v2\/types\/product"}],"replies":[{"embeddable":true,"href":"https:\/\/gmalinova.eleves.mediamatique.ch\/gressy-greens\/index.php?rest_route=%2Fwp%2Fv2%2Fcomments&post=15"}],"wp:featuredmedia":[{"embeddable":true,"href":"https:\/\/gmalinova.eleves.mediamatique.ch\/gressy-greens\/index.php?rest_route=\/wp\/v2\/media\/16"}],"wp:attachment":[{"href":"https:\/\/gmalinova.eleves.mediamatique.ch\/gressy-greens\/index.php?rest_route=%2Fwp%2Fv2%2Fmedia&parent=15"}],"wp:term":[{"taxonomy":"product_cat","embeddable":true,"href":"https:\/\/gmalinova.eleves.mediamatique.ch\/gressy-greens\/index.php?rest_route=%2Fwp%2Fv2%2Fproduct_cat&post=15"},{"taxonomy":"product_tag","embeddable":true,"href":"https:\/\/gmalinova.eleves.mediamatique.ch\/gressy-greens\/index.php?rest_route=%2Fwp%2Fv2%2Fproduct_tag&post=15"}],"curies":[{"name":"wp","href":"https:\/\/api.w.org\/{rel}","templated":true}]}}