{"id":9,"date":"2023-06-21T08:26:10","date_gmt":"2023-06-21T06:26:10","guid":{"rendered":"https:\/\/gmalinova.eleves.mediamatique.ch\/gressy-greens\/panier\/"},"modified":"2023-06-22T09:56:54","modified_gmt":"2023-06-22T07:56:54","slug":"panier","status":"publish","type":"page","link":"https:\/\/gmalinova.eleves.mediamatique.ch\/gressy-greens\/?page_id=9","title":{"rendered":"Panier"},"content":{"rendered":"\t\t<div data-elementor-type=\"wp-page\" data-elementor-id=\"9\" class=\"elementor elementor-9\" data-elementor-post-type=\"page\">\n\t\t\t\t\t\t\t\t\t<section class=\"elementor-section elementor-top-section elementor-element elementor-element-8621237 elementor-section-boxed elementor-section-height-default elementor-section-height-default\" data-id=\"8621237\" data-element_type=\"section\">\n\t\t\t\t\t\t<div class=\"elementor-container elementor-column-gap-default\">\n\t\t\t\t\t<div class=\"elementor-column elementor-col-100 elementor-top-column elementor-element elementor-element-04799c3\" data-id=\"04799c3\" data-element_type=\"column\">\n\t\t\t<div class=\"elementor-widget-wrap elementor-element-populated\">\n\t\t\t\t\t\t\t\t<div class=\"elementor-element elementor-element-c0c3340 e-cart-layout-one-column elementor-widget elementor-widget-woocommerce-cart\" data-id=\"c0c3340\" data-element_type=\"widget\" data-widget_type=\"woocommerce-cart.default\">\n\t\t\t\t<div class=\"elementor-widget-container\">\n\t\t\t<link rel=\"stylesheet\" href=\"https:\/\/gmalinova.eleves.mediamatique.ch\/gressy-greens\/wp-content\/plugins\/elementor-pro\/assets\/css\/widget-woocommerce.min.css\"><div class=\"woocommerce\"><div class=\"woocommerce-notices-wrapper\"><\/div>\n\t<div class=\"cart-empty woocommerce-info\">\n\t\tYour cart is currently empty.\t<\/div>\n\t<p class=\"return-to-shop\">\n\t\t<a class=\"button wc-backward\" href=\"https:\/\/gmalinova.eleves.mediamatique.ch\/gressy-greens\/?page_id=34\">\n\t\t\tReturn to shop\t\t<\/a>\n\t<\/p>\n<\/div>\t\t<\/div>\n\t\t\t\t<\/div>\n\t\t\t\t\t<\/div>\n\t\t<\/div>\n\t\t\t\t\t\t\t<\/div>\n\t\t<\/section>\n\t\t\t\t\t\t\t<\/div>\n\t\t","protected":false},"excerpt":{"rendered":"<p>Supprimer l\u2019\u00e9l\u00e9ment Miniature Produit Prix Quantit\u00e9 Sous-total &times; Mini-past\u00e8ques 1 pi\u00e8ce &#67;&#72;&#70;&nbsp;3.50 quantit\u00e9 de Mini-past\u00e8ques 1 pi\u00e8ce &#67;&#72;&#70;&nbsp;3.50 Mise \u00e0 jour le panier Appliquer le code promo Totaux du panier Sous-total &#67;&#72;&#70;&nbsp;3.50 Exp\u00e9dition Livraison gratuite Les options de livraison seront mises \u00e0 jour lors de la commande. Calculer les frais d\u2019exp\u00e9dition Pays\/r\u00e9gion\u00a0: S\u00e9lectionner un pays\/r\u00e9gion\u2026AfghanistanAfrique [&hellip;]<\/p>\n","protected":false},"author":1,"featured_media":0,"parent":0,"menu_order":0,"comment_status":"closed","ping_status":"closed","template":"","meta":{"footnotes":""},"class_list":["post-9","page","type-page","status-publish","hentry"],"yoast_head":"<!-- This site is optimized with the Yoast SEO plugin v20.9 - https:\/\/yoast.com\/wordpress\/plugins\/seo\/ -->\n<title>Panier - Gressy Greens<\/title>\n<meta name=\"robots\" content=\"noindex, follow, max-snippet:-1, max-image-preview:large, max-video-preview:-1\" \/>\n<meta property=\"og:locale\" content=\"fr_FR\" \/>\n<meta property=\"og:type\" content=\"article\" \/>\n<meta property=\"og:title\" content=\"Panier - Gressy Greens\" \/>\n<meta property=\"og:description\" content=\"Supprimer l\u2019\u00e9l\u00e9ment Miniature Produit Prix Quantit\u00e9 Sous-total &times; Mini-past\u00e8ques 1 pi\u00e8ce &#067;&#072;&#070;&nbsp;3.50 quantit\u00e9 de Mini-past\u00e8ques 1 pi\u00e8ce &#067;&#072;&#070;&nbsp;3.50 Mise \u00e0 jour le panier Appliquer le code promo Totaux du panier Sous-total &#067;&#072;&#070;&nbsp;3.50 Exp\u00e9dition Livraison gratuite Les options de livraison seront mises \u00e0 jour lors de la commande. Calculer les frais d\u2019exp\u00e9dition Pays\/r\u00e9gion\u00a0: S\u00e9lectionner un pays\/r\u00e9gion\u2026AfghanistanAfrique [&hellip;]\" \/>\n<meta property=\"og:url\" content=\"https:\/\/gmalinova.eleves.mediamatique.ch\/gressy-greens\/?page_id=9\" \/>\n<meta property=\"og:site_name\" content=\"Gressy Greens\" \/>\n<meta property=\"article:publisher\" content=\"https:\/\/www.facebook.com\/\" \/>\n<meta property=\"article:modified_time\" content=\"2023-06-22T07:56:54+00:00\" \/>\n<meta property=\"og:image\" content=\"https:\/\/gmalinova.eleves.mediamatique.ch\/gressy-greens\/wp-content\/uploads\/2023\/06\/watermelon-5735979_1280-300x300.png\" \/>\n<meta name=\"twitter:card\" content=\"summary_large_image\" \/>\n<meta name=\"twitter:label1\" content=\"Dur\u00e9e de lecture estim\u00e9e\" \/>\n\t<meta name=\"twitter:data1\" content=\"3 minutes\" \/>\n<script type=\"application\/ld+json\" class=\"yoast-schema-graph\">{\"@context\":\"https:\/\/schema.org\",\"@graph\":[{\"@type\":\"WebPage\",\"@id\":\"https:\/\/gmalinova.eleves.mediamatique.ch\/gressy-greens\/?page_id=9\",\"url\":\"https:\/\/gmalinova.eleves.mediamatique.ch\/gressy-greens\/?page_id=9\",\"name\":\"Panier - Gressy Greens\",\"isPartOf\":{\"@id\":\"https:\/\/gmalinova.eleves.mediamatique.ch\/gressy-greens\/#website\"},\"datePublished\":\"2023-06-21T06:26:10+00:00\",\"dateModified\":\"2023-06-22T07:56:54+00:00\",\"breadcrumb\":{\"@id\":\"https:\/\/gmalinova.eleves.mediamatique.ch\/gressy-greens\/?page_id=9#breadcrumb\"},\"inLanguage\":\"fr-FR\",\"potentialAction\":[{\"@type\":\"ReadAction\",\"target\":[\"https:\/\/gmalinova.eleves.mediamatique.ch\/gressy-greens\/?page_id=9\"]}]},{\"@type\":\"BreadcrumbList\",\"@id\":\"https:\/\/gmalinova.eleves.mediamatique.ch\/gressy-greens\/?page_id=9#breadcrumb\",\"itemListElement\":[{\"@type\":\"ListItem\",\"position\":1,\"name\":\"Accueil\",\"item\":\"https:\/\/gmalinova.eleves.mediamatique.ch\/gressy-greens\/\"},{\"@type\":\"ListItem\",\"position\":2,\"name\":\"Panier\"}]},{\"@type\":\"WebSite\",\"@id\":\"https:\/\/gmalinova.eleves.mediamatique.ch\/gressy-greens\/#website\",\"url\":\"https:\/\/gmalinova.eleves.mediamatique.ch\/gressy-greens\/\",\"name\":\"Gressy Greens\",\"description\":\"\",\"publisher\":{\"@id\":\"https:\/\/gmalinova.eleves.mediamatique.ch\/gressy-greens\/#organization\"},\"potentialAction\":[{\"@type\":\"SearchAction\",\"target\":{\"@type\":\"EntryPoint\",\"urlTemplate\":\"https:\/\/gmalinova.eleves.mediamatique.ch\/gressy-greens\/?s={search_term_string}\"},\"query-input\":\"required name=search_term_string\"}],\"inLanguage\":\"fr-FR\"},{\"@type\":\"Organization\",\"@id\":\"https:\/\/gmalinova.eleves.mediamatique.ch\/gressy-greens\/#organization\",\"name\":\"Gressy Greens\",\"url\":\"https:\/\/gmalinova.eleves.mediamatique.ch\/gressy-greens\/\",\"logo\":{\"@type\":\"ImageObject\",\"inLanguage\":\"fr-FR\",\"@id\":\"https:\/\/gmalinova.eleves.mediamatique.ch\/gressy-greens\/#\/schema\/logo\/image\/\",\"url\":\"https:\/\/gmalinova.eleves.mediamatique.ch\/gressy-greens\/wp-content\/uploads\/2023\/06\/gressy-greens.png\",\"contentUrl\":\"https:\/\/gmalinova.eleves.mediamatique.ch\/gressy-greens\/wp-content\/uploads\/2023\/06\/gressy-greens.png\",\"width\":201,\"height\":201,\"caption\":\"Gressy Greens\"},\"image\":{\"@id\":\"https:\/\/gmalinova.eleves.mediamatique.ch\/gressy-greens\/#\/schema\/logo\/image\/\"},\"sameAs\":[\"https:\/\/www.facebook.com\/\"]}]}<\/script>\n<!-- \/ Yoast SEO plugin. -->","yoast_head_json":{"title":"Panier - Gressy Greens","robots":{"index":"noindex","follow":"follow","max-snippet":"max-snippet:-1","max-image-preview":"max-image-preview:large","max-video-preview":"max-video-preview:-1"},"og_locale":"fr_FR","og_type":"article","og_title":"Panier - Gressy Greens","og_description":"Supprimer l\u2019\u00e9l\u00e9ment Miniature Produit Prix Quantit\u00e9 Sous-total &times; Mini-past\u00e8ques 1 pi\u00e8ce &#67;&#72;&#70;&nbsp;3.50 quantit\u00e9 de Mini-past\u00e8ques 1 pi\u00e8ce &#67;&#72;&#70;&nbsp;3.50 Mise \u00e0 jour le panier Appliquer le code promo Totaux du panier Sous-total &#67;&#72;&#70;&nbsp;3.50 Exp\u00e9dition Livraison gratuite Les options de livraison seront mises \u00e0 jour lors de la commande. Calculer les frais d\u2019exp\u00e9dition Pays\/r\u00e9gion\u00a0: S\u00e9lectionner un pays\/r\u00e9gion\u2026AfghanistanAfrique [&hellip;]","og_url":"https:\/\/gmalinova.eleves.mediamatique.ch\/gressy-greens\/?page_id=9","og_site_name":"Gressy Greens","article_publisher":"https:\/\/www.facebook.com\/","article_modified_time":"2023-06-22T07:56:54+00:00","og_image":[{"url":"https:\/\/gmalinova.eleves.mediamatique.ch\/gressy-greens\/wp-content\/uploads\/2023\/06\/watermelon-5735979_1280-300x300.png"}],"twitter_card":"summary_large_image","twitter_misc":{"Dur\u00e9e de lecture estim\u00e9e":"3 minutes"},"schema":{"@context":"https:\/\/schema.org","@graph":[{"@type":"WebPage","@id":"https:\/\/gmalinova.eleves.mediamatique.ch\/gressy-greens\/?page_id=9","url":"https:\/\/gmalinova.eleves.mediamatique.ch\/gressy-greens\/?page_id=9","name":"Panier - Gressy Greens","isPartOf":{"@id":"https:\/\/gmalinova.eleves.mediamatique.ch\/gressy-greens\/#website"},"datePublished":"2023-06-21T06:26:10+00:00","dateModified":"2023-06-22T07:56:54+00:00","breadcrumb":{"@id":"https:\/\/gmalinova.eleves.mediamatique.ch\/gressy-greens\/?page_id=9#breadcrumb"},"inLanguage":"fr-FR","potentialAction":[{"@type":"ReadAction","target":["https:\/\/gmalinova.eleves.mediamatique.ch\/gressy-greens\/?page_id=9"]}]},{"@type":"BreadcrumbList","@id":"https:\/\/gmalinova.eleves.mediamatique.ch\/gressy-greens\/?page_id=9#breadcrumb","itemListElement":[{"@type":"ListItem","position":1,"name":"Accueil","item":"https:\/\/gmalinova.eleves.mediamatique.ch\/gressy-greens\/"},{"@type":"ListItem","position":2,"name":"Panier"}]},{"@type":"WebSite","@id":"https:\/\/gmalinova.eleves.mediamatique.ch\/gressy-greens\/#website","url":"https:\/\/gmalinova.eleves.mediamatique.ch\/gressy-greens\/","name":"Gressy Greens","description":"","publisher":{"@id":"https:\/\/gmalinova.eleves.mediamatique.ch\/gressy-greens\/#organization"},"potentialAction":[{"@type":"SearchAction","target":{"@type":"EntryPoint","urlTemplate":"https:\/\/gmalinova.eleves.mediamatique.ch\/gressy-greens\/?s={search_term_string}"},"query-input":"required name=search_term_string"}],"inLanguage":"fr-FR"},{"@type":"Organization","@id":"https:\/\/gmalinova.eleves.mediamatique.ch\/gressy-greens\/#organization","name":"Gressy Greens","url":"https:\/\/gmalinova.eleves.mediamatique.ch\/gressy-greens\/","logo":{"@type":"ImageObject","inLanguage":"fr-FR","@id":"https:\/\/gmalinova.eleves.mediamatique.ch\/gressy-greens\/#\/schema\/logo\/image\/","url":"https:\/\/gmalinova.eleves.mediamatique.ch\/gressy-greens\/wp-content\/uploads\/2023\/06\/gressy-greens.png","contentUrl":"https:\/\/gmalinova.eleves.mediamatique.ch\/gressy-greens\/wp-content\/uploads\/2023\/06\/gressy-greens.png","width":201,"height":201,"caption":"Gressy Greens"},"image":{"@id":"https:\/\/gmalinova.eleves.mediamatique.ch\/gressy-greens\/#\/schema\/logo\/image\/"},"sameAs":["https:\/\/www.facebook.com\/"]}]}},"_links":{"self":[{"href":"https:\/\/gmalinova.eleves.mediamatique.ch\/gressy-greens\/index.php?rest_route=\/wp\/v2\/pages\/9","targetHints":{"allow":["GET"]}}],"collection":[{"href":"https:\/\/gmalinova.eleves.mediamatique.ch\/gressy-greens\/index.php?rest_route=\/wp\/v2\/pages"}],"about":[{"href":"https:\/\/gmalinova.eleves.mediamatique.ch\/gressy-greens\/index.php?rest_route=\/wp\/v2\/types\/page"}],"author":[{"embeddable":true,"href":"https:\/\/gmalinova.eleves.mediamatique.ch\/gressy-greens\/index.php?rest_route=\/wp\/v2\/users\/1"}],"replies":[{"embeddable":true,"href":"https:\/\/gmalinova.eleves.mediamatique.ch\/gressy-greens\/index.php?rest_route=%2Fwp%2Fv2%2Fcomments&post=9"}],"version-history":[{"count":9,"href":"https:\/\/gmalinova.eleves.mediamatique.ch\/gressy-greens\/index.php?rest_route=\/wp\/v2\/pages\/9\/revisions"}],"predecessor-version":[{"id":315,"href":"https:\/\/gmalinova.eleves.mediamatique.ch\/gressy-greens\/index.php?rest_route=\/wp\/v2\/pages\/9\/revisions\/315"}],"wp:attachment":[{"href":"https:\/\/gmalinova.eleves.mediamatique.ch\/gressy-greens\/index.php?rest_route=%2Fwp%2Fv2%2Fmedia&parent=9"}],"curies":[{"name":"wp","href":"https:\/\/api.w.org\/{rel}","templated":true}]}}