{"id":36,"date":"2023-06-21T10:59:11","date_gmt":"2023-06-21T08:59:11","guid":{"rendered":"https:\/\/gmalinova.eleves.mediamatique.ch\/gressy-greens\/?page_id=36"},"modified":"2023-06-22T12:13:46","modified_gmt":"2023-06-22T10:13:46","slug":"a-propos","status":"publish","type":"page","link":"https:\/\/gmalinova.eleves.mediamatique.ch\/gressy-greens\/?page_id=36","title":{"rendered":"\u00c0 propos"},"content":{"rendered":"\t\t<div data-elementor-type=\"wp-page\" data-elementor-id=\"36\" class=\"elementor elementor-36\" data-elementor-post-type=\"page\">\n\t\t\t\t\t\t\t\t\t<section class=\"elementor-section elementor-top-section elementor-element elementor-element-6ea8423 elementor-section-height-min-height elementor-section-boxed elementor-section-height-default elementor-section-items-middle\" data-id=\"6ea8423\" data-element_type=\"section\" data-settings=\"{&quot;background_background&quot;:&quot;classic&quot;}\">\n\t\t\t\t\t\t<div class=\"elementor-container elementor-column-gap-wide\">\n\t\t\t\t\t<div class=\"elementor-column elementor-col-100 elementor-top-column elementor-element elementor-element-fbc3d73\" data-id=\"fbc3d73\" data-element_type=\"column\">\n\t\t\t<div class=\"elementor-widget-wrap elementor-element-populated\">\n\t\t\t\t\t\t\t\t<div class=\"elementor-element elementor-element-c1735f0 elementor-widget elementor-widget-heading\" data-id=\"c1735f0\" data-element_type=\"widget\" data-widget_type=\"heading.default\">\n\t\t\t\t<div class=\"elementor-widget-container\">\n\t\t\t<style>\/*! elementor - v3.14.0 - 18-06-2023 *\/\n.elementor-heading-title{padding:0;margin:0;line-height:1}.elementor-widget-heading .elementor-heading-title[class*=elementor-size-]>a{color:inherit;font-size:inherit;line-height:inherit}.elementor-widget-heading .elementor-heading-title.elementor-size-small{font-size:15px}.elementor-widget-heading .elementor-heading-title.elementor-size-medium{font-size:19px}.elementor-widget-heading .elementor-heading-title.elementor-size-large{font-size:29px}.elementor-widget-heading .elementor-heading-title.elementor-size-xl{font-size:39px}.elementor-widget-heading .elementor-heading-title.elementor-size-xxl{font-size:59px}<\/style><h2 class=\"elementor-heading-title elementor-size-default\">Bienvenue chez \"Gressy Greens\" !<\/h2>\t\t<\/div>\n\t\t\t\t<\/div>\n\t\t\t\t\t<\/div>\n\t\t<\/div>\n\t\t\t\t\t\t\t<\/div>\n\t\t<\/section>\n\t\t\t\t<section class=\"elementor-section elementor-top-section elementor-element elementor-element-be91e3a elementor-section-boxed elementor-section-height-default elementor-section-height-default\" data-id=\"be91e3a\" data-element_type=\"section\" data-settings=\"{&quot;background_background&quot;:&quot;classic&quot;}\">\n\t\t\t\t\t\t<div class=\"elementor-container elementor-column-gap-no\">\n\t\t\t\t\t<div class=\"elementor-column elementor-col-100 elementor-top-column elementor-element elementor-element-5a1dd2f\" data-id=\"5a1dd2f\" data-element_type=\"column\">\n\t\t\t<div class=\"elementor-widget-wrap elementor-element-populated\">\n\t\t\t\t\t\t\t\t<div class=\"elementor-element elementor-element-7821bad elementor-invisible elementor-widget elementor-widget-image\" data-id=\"7821bad\" data-element_type=\"widget\" data-settings=\"{&quot;motion_fx_motion_fx_scrolling&quot;:&quot;yes&quot;,&quot;motion_fx_devices&quot;:[&quot;desktop&quot;],&quot;_animation&quot;:&quot;pulse&quot;}\" data-widget_type=\"image.default\">\n\t\t\t\t<div class=\"elementor-widget-container\">\n\t\t\t<style>\/*! elementor - v3.14.0 - 18-06-2023 *\/\n.elementor-widget-image{text-align:center}.elementor-widget-image a{display:inline-block}.elementor-widget-image a img[src$=\".svg\"]{width:48px}.elementor-widget-image img{vertical-align:middle;display:inline-block}<\/style>\t\t\t\t\t\t\t\t\t\t\t\t<img loading=\"lazy\" decoding=\"async\" width=\"800\" height=\"533\" src=\"https:\/\/gmalinova.eleves.mediamatique.ch\/gressy-greens\/wp-content\/uploads\/2023\/06\/woman-with-tablet-buying-healthy-food-supermarket-grocery-store_342744-1110-1024x682.png\" class=\"attachment-large size-large wp-image-131\" alt=\"\" srcset=\"https:\/\/gmalinova.eleves.mediamatique.ch\/gressy-greens\/wp-content\/uploads\/2023\/06\/woman-with-tablet-buying-healthy-food-supermarket-grocery-store_342744-1110-1024x682.png 1024w, https:\/\/gmalinova.eleves.mediamatique.ch\/gressy-greens\/wp-content\/uploads\/2023\/06\/woman-with-tablet-buying-healthy-food-supermarket-grocery-store_342744-1110-300x200.png 300w, https:\/\/gmalinova.eleves.mediamatique.ch\/gressy-greens\/wp-content\/uploads\/2023\/06\/woman-with-tablet-buying-healthy-food-supermarket-grocery-store_342744-1110-768x512.png 768w, https:\/\/gmalinova.eleves.mediamatique.ch\/gressy-greens\/wp-content\/uploads\/2023\/06\/woman-with-tablet-buying-healthy-food-supermarket-grocery-store_342744-1110-600x400.png 600w, https:\/\/gmalinova.eleves.mediamatique.ch\/gressy-greens\/wp-content\/uploads\/2023\/06\/woman-with-tablet-buying-healthy-food-supermarket-grocery-store_342744-1110.png 1060w\" sizes=\"auto, (max-width: 800px) 100vw, 800px\" \/>\t\t\t\t\t\t\t\t\t\t\t\t\t\t\t<\/div>\n\t\t\t\t<\/div>\n\t\t\t\t<div class=\"elementor-element elementor-element-efc36e3 elementor-widget elementor-widget-text-editor\" data-id=\"efc36e3\" data-element_type=\"widget\" data-widget_type=\"text-editor.default\">\n\t\t\t\t<div class=\"elementor-widget-container\">\n\t\t\t<style>\/*! elementor - v3.14.0 - 18-06-2023 *\/\n.elementor-widget-text-editor.elementor-drop-cap-view-stacked .elementor-drop-cap{background-color:#69727d;color:#fff}.elementor-widget-text-editor.elementor-drop-cap-view-framed .elementor-drop-cap{color:#69727d;border:3px solid;background-color:transparent}.elementor-widget-text-editor:not(.elementor-drop-cap-view-default) .elementor-drop-cap{margin-top:8px}.elementor-widget-text-editor:not(.elementor-drop-cap-view-default) .elementor-drop-cap-letter{width:1em;height:1em}.elementor-widget-text-editor .elementor-drop-cap{float:left;text-align:center;line-height:1;font-size:50px}.elementor-widget-text-editor .elementor-drop-cap-letter{display:inline-block}<\/style>\t\t\t\t<p><span style=\"color: var( --e-global-color-8fc563b ); background-color: var( --e-global-color-330a7a2 );\">Notre objectif est de devenir votre choix privil\u00e9gi\u00e9 en mati\u00e8re de produits frais et sains. Chez \u00ab\u00a0Gressy Greens\u00a0\u00bb, nous nous engageons \u00e0 cultiver votre sant\u00e9 en vous proposant des produits de qualit\u00e9 sup\u00e9rieure, cultiv\u00e9s avec soin et respect de l&rsquo;environnement. Notre slogan, \u00ab\u00a0Cultiver la sant\u00e9, une r\u00e9colte \u00e0 la fois\u00a0\u00bb, refl\u00e8te notre d\u00e9termination \u00e0 promouvoir une alimentation \u00e9quilibr\u00e9e et naturelle.<\/span><br><\/p>\n<p>Nous nous d\u00e9marquons de nos concurrents en mettant l&rsquo;accent sur la transparence et la tra\u00e7abilit\u00e9 de nos produits. Nous souhaitons \u00e9tablir une relation de confiance avec vous en partageant des informations d\u00e9taill\u00e9es sur nos m\u00e9thodes de culture et nos pratiques durables. Chez \u00ab\u00a0Gressy Greens\u00a0\u00bb, nous sommes fiers d&rsquo;\u00eatre une marque fiable et responsable.<\/p>\n<p>Notre conception graphique est inspir\u00e9e par la nature, la fra\u00eecheur et la vitalit\u00e9. Nous utilisons des polices modernes et l\u00e9g\u00e8rement arrondies pour refl\u00e9ter notre approche contemporaine, et nos couleurs vives telles que le vert vif, le jaune et le blanc transmettent un sentiment de fra\u00eecheur et de bien-\u00eatre. Notre logo est une repr\u00e9sentation graphique claire et lisible de l\u00e9gumes ou de feuilles, associ\u00e9e \u00e0 notre nom \u00ab\u00a0Gressy Greens\u00a0\u00bb.<\/p>\n<p>L&rsquo;ensemble de notre conception graphique a \u00e9t\u00e9 soigneusement con\u00e7u pour communiquer notre engagement envers la sant\u00e9, la qualit\u00e9 et la durabilit\u00e9. Nous souhaitons attirer votre attention d\u00e8s le premier regard en offrant une identit\u00e9 visuelle reconnaissable, tout en vous permettant de comprendre clairement notre mission.<\/p>\n<p>Vous \u00eates notre public cible. Vous \u00eates conscient de votre sant\u00e9 et accordez de l&rsquo;importance \u00e0 une alimentation \u00e9quilibr\u00e9e et naturelle. Vous recherchez des produits frais, cultiv\u00e9s de mani\u00e8re responsable, et vous souhaitez avoir acc\u00e8s \u00e0 des informations d\u00e9taill\u00e9es sur leur origine. Chez \u00ab\u00a0Gressy Greens\u00a0\u00bb, nous r\u00e9pondrons \u00e0 vos attentes en proposant un design ax\u00e9 sur la simplicit\u00e9, la convivialit\u00e9 et la mise en valeur de nos produits. Des visuels attrayants de l\u00e9gumes frais et de jardins luxuriants seront utilis\u00e9s pour susciter votre int\u00e9r\u00eat et votre app\u00e9tit.<\/p>\n<p>Nos contenus seront ax\u00e9s sur l&rsquo;\u00e9ducation et la transparence. Vous trouverez des informations d\u00e9taill\u00e9es sur nos m\u00e9thodes de culture, nos certifications, nos pratiques durables et nos partenariats avec les agriculteurs locaux. Nous vous proposerons \u00e9galement des recettes saines mettant en valeur nos produits, afin de vous inspirer et de vous aider dans votre d\u00e9marche d&rsquo;alimentation saine.<\/p>\n<p>Bienvenue dans l&rsquo;univers de \u00ab\u00a0Gressy Greens\u00a0\u00bb ! Cultivons la sant\u00e9 ensemble, une r\u00e9colte \u00e0 la fois.<\/p>\n<p>N&rsquo;h\u00e9sitez pas \u00e0 personnaliser davantage le texte en fonction de votre entreprise et de vos valeurs sp\u00e9cifiques.<\/p>\t\t\t\t\t\t<\/div>\n\t\t\t\t<\/div>\n\t\t\t\t\t<\/div>\n\t\t<\/div>\n\t\t\t\t\t\t\t<\/div>\n\t\t<\/section>\n\t\t\t\t\t\t\t<\/div>\n\t\t","protected":false},"excerpt":{"rendered":"<p>Bienvenue chez \u00ab\u00a0Gressy Greens\u00a0\u00bb ! Notre objectif est de devenir votre choix privil\u00e9gi\u00e9 en mati\u00e8re de produits frais et sains. Chez \u00ab\u00a0Gressy Greens\u00a0\u00bb, nous nous engageons \u00e0 cultiver votre sant\u00e9 en vous proposant des produits de qualit\u00e9 sup\u00e9rieure, cultiv\u00e9s avec soin et respect de l&rsquo;environnement. Notre slogan, \u00ab\u00a0Cultiver la sant\u00e9, une r\u00e9colte \u00e0 la fois\u00a0\u00bb, [&hellip;]<\/p>\n","protected":false},"author":1,"featured_media":0,"parent":0,"menu_order":0,"comment_status":"closed","ping_status":"closed","template":"","meta":{"footnotes":""},"class_list":["post-36","page","type-page","status-publish","hentry"],"yoast_head":"<!-- This site is optimized with the Yoast SEO plugin v20.9 - https:\/\/yoast.com\/wordpress\/plugins\/seo\/ -->\n<title>\u00c0 propos - Gressy Greens<\/title>\n<meta name=\"robots\" content=\"noindex, follow, max-snippet:-1, max-image-preview:large, max-video-preview:-1\" \/>\n<meta property=\"og:locale\" content=\"fr_FR\" \/>\n<meta property=\"og:type\" content=\"article\" \/>\n<meta property=\"og:title\" content=\"\u00c0 propos - Gressy Greens\" \/>\n<meta property=\"og:description\" content=\"Bienvenue chez \u00ab\u00a0Gressy Greens\u00a0\u00bb ! Notre objectif est de devenir votre choix privil\u00e9gi\u00e9 en mati\u00e8re de produits frais et sains. Chez \u00ab\u00a0Gressy Greens\u00a0\u00bb, nous nous engageons \u00e0 cultiver votre sant\u00e9 en vous proposant des produits de qualit\u00e9 sup\u00e9rieure, cultiv\u00e9s avec soin et respect de l&rsquo;environnement. Notre slogan, \u00ab\u00a0Cultiver la sant\u00e9, une r\u00e9colte \u00e0 la fois\u00a0\u00bb, [&hellip;]\" \/>\n<meta property=\"og:url\" content=\"https:\/\/gmalinova.eleves.mediamatique.ch\/gressy-greens\/?page_id=36\" \/>\n<meta property=\"og:site_name\" content=\"Gressy Greens\" \/>\n<meta property=\"article:publisher\" content=\"https:\/\/www.facebook.com\/\" \/>\n<meta property=\"article:modified_time\" content=\"2023-06-22T10:13:46+00:00\" \/>\n<meta property=\"og:image\" content=\"https:\/\/gmalinova.eleves.mediamatique.ch\/gressy-greens\/wp-content\/uploads\/2023\/06\/woman-with-tablet-buying-healthy-food-supermarket-grocery-store_342744-1110-1024x682.png\" \/>\n<meta name=\"twitter:card\" content=\"summary_large_image\" \/>\n<meta name=\"twitter:label1\" content=\"Dur\u00e9e de lecture estim\u00e9e\" \/>\n\t<meta name=\"twitter:data1\" content=\"3 minutes\" \/>\n<script type=\"application\/ld+json\" class=\"yoast-schema-graph\">{\"@context\":\"https:\/\/schema.org\",\"@graph\":[{\"@type\":\"WebPage\",\"@id\":\"https:\/\/gmalinova.eleves.mediamatique.ch\/gressy-greens\/?page_id=36\",\"url\":\"https:\/\/gmalinova.eleves.mediamatique.ch\/gressy-greens\/?page_id=36\",\"name\":\"\u00c0 propos - Gressy Greens\",\"isPartOf\":{\"@id\":\"https:\/\/gmalinova.eleves.mediamatique.ch\/gressy-greens\/#website\"},\"datePublished\":\"2023-06-21T08:59:11+00:00\",\"dateModified\":\"2023-06-22T10:13:46+00:00\",\"breadcrumb\":{\"@id\":\"https:\/\/gmalinova.eleves.mediamatique.ch\/gressy-greens\/?page_id=36#breadcrumb\"},\"inLanguage\":\"fr-FR\",\"potentialAction\":[{\"@type\":\"ReadAction\",\"target\":[\"https:\/\/gmalinova.eleves.mediamatique.ch\/gressy-greens\/?page_id=36\"]}]},{\"@type\":\"BreadcrumbList\",\"@id\":\"https:\/\/gmalinova.eleves.mediamatique.ch\/gressy-greens\/?page_id=36#breadcrumb\",\"itemListElement\":[{\"@type\":\"ListItem\",\"position\":1,\"name\":\"Accueil\",\"item\":\"https:\/\/gmalinova.eleves.mediamatique.ch\/gressy-greens\/\"},{\"@type\":\"ListItem\",\"position\":2,\"name\":\"\u00c0 propos\"}]},{\"@type\":\"WebSite\",\"@id\":\"https:\/\/gmalinova.eleves.mediamatique.ch\/gressy-greens\/#website\",\"url\":\"https:\/\/gmalinova.eleves.mediamatique.ch\/gressy-greens\/\",\"name\":\"Gressy Greens\",\"description\":\"\",\"publisher\":{\"@id\":\"https:\/\/gmalinova.eleves.mediamatique.ch\/gressy-greens\/#organization\"},\"potentialAction\":[{\"@type\":\"SearchAction\",\"target\":{\"@type\":\"EntryPoint\",\"urlTemplate\":\"https:\/\/gmalinova.eleves.mediamatique.ch\/gressy-greens\/?s={search_term_string}\"},\"query-input\":\"required name=search_term_string\"}],\"inLanguage\":\"fr-FR\"},{\"@type\":\"Organization\",\"@id\":\"https:\/\/gmalinova.eleves.mediamatique.ch\/gressy-greens\/#organization\",\"name\":\"Gressy Greens\",\"url\":\"https:\/\/gmalinova.eleves.mediamatique.ch\/gressy-greens\/\",\"logo\":{\"@type\":\"ImageObject\",\"inLanguage\":\"fr-FR\",\"@id\":\"https:\/\/gmalinova.eleves.mediamatique.ch\/gressy-greens\/#\/schema\/logo\/image\/\",\"url\":\"https:\/\/gmalinova.eleves.mediamatique.ch\/gressy-greens\/wp-content\/uploads\/2023\/06\/gressy-greens.png\",\"contentUrl\":\"https:\/\/gmalinova.eleves.mediamatique.ch\/gressy-greens\/wp-content\/uploads\/2023\/06\/gressy-greens.png\",\"width\":201,\"height\":201,\"caption\":\"Gressy Greens\"},\"image\":{\"@id\":\"https:\/\/gmalinova.eleves.mediamatique.ch\/gressy-greens\/#\/schema\/logo\/image\/\"},\"sameAs\":[\"https:\/\/www.facebook.com\/\"]}]}<\/script>\n<!-- \/ Yoast SEO plugin. -->","yoast_head_json":{"title":"\u00c0 propos - Gressy Greens","robots":{"index":"noindex","follow":"follow","max-snippet":"max-snippet:-1","max-image-preview":"max-image-preview:large","max-video-preview":"max-video-preview:-1"},"og_locale":"fr_FR","og_type":"article","og_title":"\u00c0 propos - Gressy Greens","og_description":"Bienvenue chez \u00ab\u00a0Gressy Greens\u00a0\u00bb ! Notre objectif est de devenir votre choix privil\u00e9gi\u00e9 en mati\u00e8re de produits frais et sains. Chez \u00ab\u00a0Gressy Greens\u00a0\u00bb, nous nous engageons \u00e0 cultiver votre sant\u00e9 en vous proposant des produits de qualit\u00e9 sup\u00e9rieure, cultiv\u00e9s avec soin et respect de l&rsquo;environnement. Notre slogan, \u00ab\u00a0Cultiver la sant\u00e9, une r\u00e9colte \u00e0 la fois\u00a0\u00bb, [&hellip;]","og_url":"https:\/\/gmalinova.eleves.mediamatique.ch\/gressy-greens\/?page_id=36","og_site_name":"Gressy Greens","article_publisher":"https:\/\/www.facebook.com\/","article_modified_time":"2023-06-22T10:13:46+00:00","og_image":[{"url":"https:\/\/gmalinova.eleves.mediamatique.ch\/gressy-greens\/wp-content\/uploads\/2023\/06\/woman-with-tablet-buying-healthy-food-supermarket-grocery-store_342744-1110-1024x682.png"}],"twitter_card":"summary_large_image","twitter_misc":{"Dur\u00e9e de lecture estim\u00e9e":"3 minutes"},"schema":{"@context":"https:\/\/schema.org","@graph":[{"@type":"WebPage","@id":"https:\/\/gmalinova.eleves.mediamatique.ch\/gressy-greens\/?page_id=36","url":"https:\/\/gmalinova.eleves.mediamatique.ch\/gressy-greens\/?page_id=36","name":"\u00c0 propos - Gressy Greens","isPartOf":{"@id":"https:\/\/gmalinova.eleves.mediamatique.ch\/gressy-greens\/#website"},"datePublished":"2023-06-21T08:59:11+00:00","dateModified":"2023-06-22T10:13:46+00:00","breadcrumb":{"@id":"https:\/\/gmalinova.eleves.mediamatique.ch\/gressy-greens\/?page_id=36#breadcrumb"},"inLanguage":"fr-FR","potentialAction":[{"@type":"ReadAction","target":["https:\/\/gmalinova.eleves.mediamatique.ch\/gressy-greens\/?page_id=36"]}]},{"@type":"BreadcrumbList","@id":"https:\/\/gmalinova.eleves.mediamatique.ch\/gressy-greens\/?page_id=36#breadcrumb","itemListElement":[{"@type":"ListItem","position":1,"name":"Accueil","item":"https:\/\/gmalinova.eleves.mediamatique.ch\/gressy-greens\/"},{"@type":"ListItem","position":2,"name":"\u00c0 propos"}]},{"@type":"WebSite","@id":"https:\/\/gmalinova.eleves.mediamatique.ch\/gressy-greens\/#website","url":"https:\/\/gmalinova.eleves.mediamatique.ch\/gressy-greens\/","name":"Gressy Greens","description":"","publisher":{"@id":"https:\/\/gmalinova.eleves.mediamatique.ch\/gressy-greens\/#organization"},"potentialAction":[{"@type":"SearchAction","target":{"@type":"EntryPoint","urlTemplate":"https:\/\/gmalinova.eleves.mediamatique.ch\/gressy-greens\/?s={search_term_string}"},"query-input":"required name=search_term_string"}],"inLanguage":"fr-FR"},{"@type":"Organization","@id":"https:\/\/gmalinova.eleves.mediamatique.ch\/gressy-greens\/#organization","name":"Gressy Greens","url":"https:\/\/gmalinova.eleves.mediamatique.ch\/gressy-greens\/","logo":{"@type":"ImageObject","inLanguage":"fr-FR","@id":"https:\/\/gmalinova.eleves.mediamatique.ch\/gressy-greens\/#\/schema\/logo\/image\/","url":"https:\/\/gmalinova.eleves.mediamatique.ch\/gressy-greens\/wp-content\/uploads\/2023\/06\/gressy-greens.png","contentUrl":"https:\/\/gmalinova.eleves.mediamatique.ch\/gressy-greens\/wp-content\/uploads\/2023\/06\/gressy-greens.png","width":201,"height":201,"caption":"Gressy Greens"},"image":{"@id":"https:\/\/gmalinova.eleves.mediamatique.ch\/gressy-greens\/#\/schema\/logo\/image\/"},"sameAs":["https:\/\/www.facebook.com\/"]}]}},"_links":{"self":[{"href":"https:\/\/gmalinova.eleves.mediamatique.ch\/gressy-greens\/index.php?rest_route=\/wp\/v2\/pages\/36","targetHints":{"allow":["GET"]}}],"collection":[{"href":"https:\/\/gmalinova.eleves.mediamatique.ch\/gressy-greens\/index.php?rest_route=\/wp\/v2\/pages"}],"about":[{"href":"https:\/\/gmalinova.eleves.mediamatique.ch\/gressy-greens\/index.php?rest_route=\/wp\/v2\/types\/page"}],"author":[{"embeddable":true,"href":"https:\/\/gmalinova.eleves.mediamatique.ch\/gressy-greens\/index.php?rest_route=\/wp\/v2\/users\/1"}],"replies":[{"embeddable":true,"href":"https:\/\/gmalinova.eleves.mediamatique.ch\/gressy-greens\/index.php?rest_route=%2Fwp%2Fv2%2Fcomments&post=36"}],"version-history":[{"count":16,"href":"https:\/\/gmalinova.eleves.mediamatique.ch\/gressy-greens\/index.php?rest_route=\/wp\/v2\/pages\/36\/revisions"}],"predecessor-version":[{"id":341,"href":"https:\/\/gmalinova.eleves.mediamatique.ch\/gressy-greens\/index.php?rest_route=\/wp\/v2\/pages\/36\/revisions\/341"}],"wp:attachment":[{"href":"https:\/\/gmalinova.eleves.mediamatique.ch\/gressy-greens\/index.php?rest_route=%2Fwp%2Fv2%2Fmedia&parent=36"}],"curies":[{"name":"wp","href":"https:\/\/api.w.org\/{rel}","templated":true}]}}